{"id":1391,"date":"2026-01-29T14:17:53","date_gmt":"2026-01-29T19:17:53","guid":{"rendered":"https:\/\/camstravelperu.com\/tour\/trekking-de-salkantay-em-4-dias-o-desafio-andino-definitivo\/"},"modified":"2026-01-29T14:17:53","modified_gmt":"2026-01-29T19:17:53","slug":"trekking-de-salkantay-em-4-dias-o-desafio-andino-definitivo","status":"publish","type":"product","link":"https:\/\/camstravelperu.com\/pt-br\/tour\/trekking-de-salkantay-em-4-dias-o-desafio-andino-definitivo\/","title":{"rendered":"Trekking de Salkantay em 4 dias: O desafio andino definitivo"},"content":{"rendered":"<p data-start=\"23\" data-end=\"317\">A trilha Salkantay de 4 dias \u00e9 uma aventura intensa e c\u00eanica, uma rota alternativa para Machu Picchu. Essa trilha atravessa paisagens diversas, desde os altos Andes perto da majestosa montanha Salkantay at\u00e9 a exuberante floresta nublada. <\/p>\n<p data-start=\"319\" data-end=\"571\">Ao longo da jornada, os caminhantes visitam o deslumbrante Lago Humantay, atravessam o impressionante Passo Salkantay e caminham por vales tropicais e planta\u00e7\u00f5es de caf\u00e9 antes de chegar \u00e0 lend\u00e1ria cidadela inca.<\/p>\n<p data-section-id=\"o43lvb\" data-start=\"578\" data-end=\"603\"><strong>Itiner\u00e1rio em resumo:<\/strong><\/p>\n<ul>\n<li data-start=\"605\" data-end=\"846\"><strong data-start=\"605\" data-end=\"615\">Dia 1:<\/strong> Cusco \u2013 Mollepata \u2013 Soraypampa \u2013 Lago Humantay. Traslado matinal de Cusco e caminhada pelas paisagens andinas com visita ao Lago Humantay antes de acampar em Soraypampa. <\/li>\n<li data-start=\"848\" data-end=\"1047\"><strong data-start=\"848\" data-end=\"858\">Dia 2:<\/strong> Soraypampa \u2013 Passo Salkantay \u2013 Chaullay. Caminhada desafiadora at\u00e9 o ponto mais alto da trilha, pr\u00f3ximo ao Monte Salkantay, seguida de uma descida pela floresta nublada. <\/li>\n<li data-start=\"1049\" data-end=\"1221\"><strong data-start=\"1049\" data-end=\"1059\">Dia 3:<\/strong> Chaullay \u2013 Lucmabamba \u2013 Aguas Calientes. Caminhada por paisagens tropicais e planta\u00e7\u00f5es de caf\u00e9 antes de seguir para Aguas Calientes. <\/li>\n<li data-start=\"1223\" data-end=\"1374\"><strong data-start=\"1223\" data-end=\"1233\">Dia 4: <\/strong>Aguas Calientes \u2013 Machu Picchu \u2013 Cusco. Visita guiada a Machu Picchu pela manh\u00e3, seguida do retorno a Cusco. <\/li>\n<\/ul>\n","protected":false},"excerpt":{"rendered":"<p>A trilha Salkantay de 4 dias \u00e9 uma aventura intensa e c\u00eanica, uma rota alternativa para Machu Picchu. Essa trilha [&hellip;]<\/p>\n","protected":false},"featured_media":922,"comment_status":"open","ping_status":"closed","template":"","meta":{"site-sidebar-layout":"default","site-content-layout":"","ast-site-content-layout":"default","site-content-style":"default","site-sidebar-style":"default","ast-global-header-display":"","ast-banner-title-visibility":"","ast-main-header-display":"","ast-hfb-above-header-display":"","ast-hfb-below-header-display":"","ast-hfb-mobile-header-display":"","site-post-title":"","ast-breadcrumbs-content":"","ast-featured-img":"","footer-sml-layout":"","ast-disable-related-posts":"","theme-transparent-header-meta":"default","adv-header-id-meta":"","stick-header-meta":"","header-above-stick-meta":"","header-main-stick-meta":"","header-below-stick-meta":"","astra-migrate-meta-layouts":"default","ast-page-background-enabled":"default","ast-page-background-meta":{"desktop":{"background-color":"var(--ast-global-color-5)","background-image":"","background-repeat":"repeat","background-position":"center center","background-size":"auto","background-attachment":"scroll","background-type":"","background-media":"","overlay-type":"","overlay-color":"","overlay-opacity":"","overlay-gradient":""},"tablet":{"background-color":"","background-image":"","background-repeat":"repeat","background-position":"center center","background-size":"auto","background-attachment":"scroll","background-type":"","background-media":"","overlay-type":"","overlay-color":"","overlay-opacity":"","overlay-gradient":""},"mobile":{"background-color":"","background-image":"","background-repeat":"repeat","background-position":"center center","background-size":"auto","background-attachment":"scroll","background-type":"","background-media":"","overlay-type":"","overlay-color":"","overlay-opacity":"","overlay-gradient":""}},"ast-content-background-meta":{"desktop":{"background-color":"var(--ast-global-color-4)","background-image":"","background-repeat":"repeat","background-position":"center center","background-size":"auto","background-attachment":"scroll","background-type":"","background-media":"","overlay-type":"","overlay-color":"","overlay-opacity":"","overlay-gradient":""},"tablet":{"background-color":"var(--ast-global-color-4)","background-image":"","background-repeat":"repeat","background-position":"center center","background-size":"auto","background-attachment":"scroll","background-type":"","background-media":"","overlay-type":"","overlay-color":"","overlay-opacity":"","overlay-gradient":""},"mobile":{"background-color":"var(--ast-global-color-4)","background-image":"","background-repeat":"repeat","background-position":"center center","background-size":"auto","background-attachment":"scroll","background-type":"","background-media":"","overlay-type":"","overlay-color":"","overlay-opacity":"","overlay-gradient":""}}},"product_brand":[],"product_cat":[58],"product_tag":[],"destinations":[67],"modalidad-del-tour":[],"class_list":{"0":"post-1391","1":"product","2":"type-product","3":"status-publish","4":"has-post-thumbnail","6":"product_cat-trilhas-alternativas","7":"destinations-cusco","8":"desktop-align-left","9":"tablet-align-left","10":"mobile-align-left","12":"first","13":"instock","14":"virtual","15":"sold-individually","16":"purchasable","17":"product-type-booking"},"_links":{"self":[{"href":"https:\/\/camstravelperu.com\/pt-br\/wp-json\/wp\/v2\/product\/1391","targetHints":{"allow":["GET"]}}],"collection":[{"href":"https:\/\/camstravelperu.com\/pt-br\/wp-json\/wp\/v2\/product"}],"about":[{"href":"https:\/\/camstravelperu.com\/pt-br\/wp-json\/wp\/v2\/types\/product"}],"replies":[{"embeddable":true,"href":"https:\/\/camstravelperu.com\/pt-br\/wp-json\/wp\/v2\/comments?post=1391"}],"wp:featuredmedia":[{"embeddable":true,"href":"https:\/\/camstravelperu.com\/pt-br\/wp-json\/wp\/v2\/media\/922"}],"wp:attachment":[{"href":"https:\/\/camstravelperu.com\/pt-br\/wp-json\/wp\/v2\/media?parent=1391"}],"wp:term":[{"taxonomy":"product_brand","embeddable":true,"href":"https:\/\/camstravelperu.com\/pt-br\/wp-json\/wp\/v2\/product_brand?post=1391"},{"taxonomy":"product_cat","embeddable":true,"href":"https:\/\/camstravelperu.com\/pt-br\/wp-json\/wp\/v2\/product_cat?post=1391"},{"taxonomy":"product_tag","embeddable":true,"href":"https:\/\/camstravelperu.com\/pt-br\/wp-json\/wp\/v2\/product_tag?post=1391"},{"taxonomy":"destinations","embeddable":true,"href":"https:\/\/camstravelperu.com\/pt-br\/wp-json\/wp\/v2\/destinations?post=1391"},{"taxonomy":"modalidad-del-tour","embeddable":true,"href":"https:\/\/camstravelperu.com\/pt-br\/wp-json\/wp\/v2\/modalidad-del-tour?post=1391"}],"curies":[{"name":"wp","href":"https:\/\/api.w.org\/{rel}","templated":true}]}}