{"id":1322,"date":"2026-02-18T10:18:19","date_gmt":"2026-02-18T15:18:19","guid":{"rendered":"https:\/\/camstravelperu.com\/tour\/passeio-pela-cidade-de-cusco\/"},"modified":"2026-02-18T10:18:19","modified_gmt":"2026-02-18T15:18:19","slug":"passeio-pela-cidade-de-cusco","status":"publish","type":"product","link":"https:\/\/camstravelperu.com\/pt-br\/tour\/passeio-pela-cidade-de-cusco\/","title":{"rendered":"Passeio pela cidade de Cusco"},"content":{"rendered":"<p data-start=\"23\" data-end=\"338\">O City Tour de Meio Dia em Cusco \u00e9 a introdu\u00e7\u00e3o perfeita \u00e0 hist\u00f3rica capital do Imp\u00e9rio Inca. Localizada nos Andes, Cusco \u00e9 um Patrim\u00f4nio Mundial da UNESCO, conhecida por sua impressionante arquitetura colonial e trabalhos em pedra incas. <\/p>\n<p data-start=\"340\" data-end=\"583\">Durante essa experi\u00eancia guiada, voc\u00ea explorar\u00e1 os marcos hist\u00f3ricos mais importantes da cidade e os s\u00edtios arqueol\u00f3gicos pr\u00f3ximos, enquanto aprende sobre o legado da civiliza\u00e7\u00e3o Inca e a transforma\u00e7\u00e3o de Cusco ap\u00f3s a conquista espanhola.<\/p>\n<p data-section-id=\"o43lvb\" data-start=\"590\" data-end=\"615\"><strong>Itiner\u00e1rio em resumo:<\/strong><\/p>\n<p style=\"text-align: center;\" data-start=\"617\" data-end=\"1086\" data-is-last-node=\"\" data-is-only-node=\"\"><strong data-start=\"617\" data-end=\"635\">Excurs\u00e3o de meio dia: <\/strong>Cusco** \u2013 Qorikancha \u2013 Sacsayhuam\u00e1n \u2013 Q&#8217;enqo \u2013 Puka Pukara \u2013 Tambomachay \u2013 Cusco.<\/p>\n<p data-start=\"617\" data-end=\"1086\" data-is-last-node=\"\" data-is-only-node=\"\">Visite o Templo do Sol (Qorikancha) e v\u00e1rios s\u00edtios arqueol\u00f3gicos incas pr\u00f3ximos, aprendendo sobre seu significado hist\u00f3rico e cultural antes de retornar \u00e0 cidade.<\/p>\n","protected":false},"excerpt":{"rendered":"<p>O City Tour de Meio Dia em Cusco \u00e9 a introdu\u00e7\u00e3o perfeita \u00e0 hist\u00f3rica capital do Imp\u00e9rio Inca. Localizada nos [&hellip;]<\/p>\n","protected":false},"featured_media":501,"comment_status":"open","ping_status":"closed","template":"","meta":{"site-sidebar-layout":"default","site-content-layout":"","ast-site-content-layout":"default","site-content-style":"default","site-sidebar-style":"default","ast-global-header-display":"","ast-banner-title-visibility":"","ast-main-header-display":"","ast-hfb-above-header-display":"","ast-hfb-below-header-display":"","ast-hfb-mobile-header-display":"","site-post-title":"","ast-breadcrumbs-content":"","ast-featured-img":"","footer-sml-layout":"","ast-disable-related-posts":"","theme-transparent-header-meta":"default","adv-header-id-meta":"","stick-header-meta":"","header-above-stick-meta":"","header-main-stick-meta":"","header-below-stick-meta":"","astra-migrate-meta-layouts":"default","ast-page-background-enabled":"default","ast-page-background-meta":{"desktop":{"background-color":"var(--ast-global-color-5)","background-image":"","background-repeat":"repeat","background-position":"center center","background-size":"auto","background-attachment":"scroll","background-type":"","background-media":"","overlay-type":"","overlay-color":"","overlay-opacity":"","overlay-gradient":""},"tablet":{"background-color":"","background-image":"","background-repeat":"repeat","background-position":"center center","background-size":"auto","background-attachment":"scroll","background-type":"","background-media":"","overlay-type":"","overlay-color":"","overlay-opacity":"","overlay-gradient":""},"mobile":{"background-color":"","background-image":"","background-repeat":"repeat","background-position":"center center","background-size":"auto","background-attachment":"scroll","background-type":"","background-media":"","overlay-type":"","overlay-color":"","overlay-opacity":"","overlay-gradient":""}},"ast-content-background-meta":{"desktop":{"background-color":"var(--ast-global-color-4)","background-image":"","background-repeat":"repeat","background-position":"center center","background-size":"auto","background-attachment":"scroll","background-type":"","background-media":"","overlay-type":"","overlay-color":"","overlay-opacity":"","overlay-gradient":""},"tablet":{"background-color":"var(--ast-global-color-4)","background-image":"","background-repeat":"repeat","background-position":"center center","background-size":"auto","background-attachment":"scroll","background-type":"","background-media":"","overlay-type":"","overlay-color":"","overlay-opacity":"","overlay-gradient":""},"mobile":{"background-color":"var(--ast-global-color-4)","background-image":"","background-repeat":"repeat","background-position":"center center","background-size":"auto","background-attachment":"scroll","background-type":"","background-media":"","overlay-type":"","overlay-color":"","overlay-opacity":"","overlay-gradient":""}}},"product_brand":[],"product_cat":[54],"product_tag":[],"destinations":[67],"modalidad-del-tour":[],"class_list":{"0":"post-1322","1":"product","2":"type-product","3":"status-publish","4":"has-post-thumbnail","6":"product_cat-passeios-de-um-dia","7":"destinations-cusco","8":"desktop-align-left","9":"tablet-align-left","10":"mobile-align-left","12":"first","13":"instock","14":"virtual","15":"sold-individually","16":"purchasable","17":"product-type-booking"},"_links":{"self":[{"href":"https:\/\/camstravelperu.com\/pt-br\/wp-json\/wp\/v2\/product\/1322","targetHints":{"allow":["GET"]}}],"collection":[{"href":"https:\/\/camstravelperu.com\/pt-br\/wp-json\/wp\/v2\/product"}],"about":[{"href":"https:\/\/camstravelperu.com\/pt-br\/wp-json\/wp\/v2\/types\/product"}],"replies":[{"embeddable":true,"href":"https:\/\/camstravelperu.com\/pt-br\/wp-json\/wp\/v2\/comments?post=1322"}],"wp:featuredmedia":[{"embeddable":true,"href":"https:\/\/camstravelperu.com\/pt-br\/wp-json\/wp\/v2\/media\/501"}],"wp:attachment":[{"href":"https:\/\/camstravelperu.com\/pt-br\/wp-json\/wp\/v2\/media?parent=1322"}],"wp:term":[{"taxonomy":"product_brand","embeddable":true,"href":"https:\/\/camstravelperu.com\/pt-br\/wp-json\/wp\/v2\/product_brand?post=1322"},{"taxonomy":"product_cat","embeddable":true,"href":"https:\/\/camstravelperu.com\/pt-br\/wp-json\/wp\/v2\/product_cat?post=1322"},{"taxonomy":"product_tag","embeddable":true,"href":"https:\/\/camstravelperu.com\/pt-br\/wp-json\/wp\/v2\/product_tag?post=1322"},{"taxonomy":"destinations","embeddable":true,"href":"https:\/\/camstravelperu.com\/pt-br\/wp-json\/wp\/v2\/destinations?post=1322"},{"taxonomy":"modalidad-del-tour","embeddable":true,"href":"https:\/\/camstravelperu.com\/pt-br\/wp-json\/wp\/v2\/modalidad-del-tour?post=1322"}],"curies":[{"name":"wp","href":"https:\/\/api.w.org\/{rel}","templated":true}]}}