{"id":1310,"date":"2026-02-18T10:36:30","date_gmt":"2026-02-18T15:36:30","guid":{"rendered":"https:\/\/camstravelperu.com\/tour\/vinicunca-montanha-arco-iris\/"},"modified":"2026-02-18T10:36:30","modified_gmt":"2026-02-18T15:36:30","slug":"vinicunca-montanha-arco-iris","status":"publish","type":"product","link":"https:\/\/camstravelperu.com\/pt-br\/tour\/vinicunca-montanha-arco-iris\/","title":{"rendered":"Vinicunca Montanha Arco-\u00cdris"},"content":{"rendered":"<p data-start=\"23\" data-end=\"391\">O passeio \u00e0 Montanha Vinicunca Arco-\u00cdris \u00e9 uma das aventuras em alta altitude mais famosas do Peru. Localizada nos Andes, perto de Cusco, a Montanha Vinicunca Arco-\u00cdris, tamb\u00e9m conhecida como Montanha das Sete Cores, \u00e9 famosa por suas impressionantes camadas de vermelho, amarelo, turquesa e laranja, formadas por dep\u00f3sitos minerais naturais. <\/p>\n<p data-start=\"393\" data-end=\"580\">Essa trilha oferece vistas panor\u00e2micas de tirar o f\u00f4lego dos Andes, oportunidades para ver lhamas e alpacas, e uma experi\u00eancia inesquec\u00edvel em uma das paisagens montanhosas mais espetaculares do Peru.<\/p>\n<p data-section-id=\"o43lvb\" data-start=\"587\" data-end=\"612\"><strong>Itiner\u00e1rio em resumo:<\/strong><\/p>\n<p style=\"text-align: center;\" data-start=\"614\" data-end=\"1063\" data-is-last-node=\"\" data-is-only-node=\"\"><strong data-start=\"614\" data-end=\"632\">Excurs\u00e3o de dia inteiro:: <\/strong><span class=\"hover:entity-accent entity-underline inline cursor-pointer align-baseline\"><span class=\"whitespace-normal\">Cusco<\/span><\/span> \u2013 <span class=\"hover:entity-accent entity-underline inline cursor-pointer align-baseline\"><span class=\"whitespace-normal\">Cusipata<\/span><\/span> \u2013 <span class=\"hover:entity-accent entity-underline inline cursor-pointer align-baseline\"><span class=\"whitespace-normal\">Vinicunca Rainbow Mountain<\/span><\/span> \u2013 Cusco.<\/p>\n<p data-start=\"614\" data-end=\"1063\" data-is-last-node=\"\" data-is-only-node=\"\">Sa\u00edda de Cusco bem cedo pela manh\u00e3 rumo \u00e0 vila de Cusipata, seguida de um trajeto at\u00e9 o in\u00edcio da trilha. Comece a caminhada por vales andinos com vistas deslumbrantes at\u00e9 chegar ao mirante da Montanha Arco-\u00cdris Vinicunca, onde voc\u00ea poder\u00e1 admirar a paisagem colorida antes de retornar a Cusco \u00e0 tarde. <\/p>\n","protected":false},"excerpt":{"rendered":"<p>O passeio \u00e0 Montanha Vinicunca Arco-\u00cdris \u00e9 uma das aventuras em alta altitude mais famosas do Peru. Localizada nos Andes, [&hellip;]<\/p>\n","protected":false},"featured_media":643,"comment_status":"open","ping_status":"closed","template":"","meta":{"site-sidebar-layout":"default","site-content-layout":"","ast-site-content-layout":"default","site-content-style":"default","site-sidebar-style":"default","ast-global-header-display":"","ast-banner-title-visibility":"","ast-main-header-display":"","ast-hfb-above-header-display":"","ast-hfb-below-header-display":"","ast-hfb-mobile-header-display":"","site-post-title":"","ast-breadcrumbs-content":"","ast-featured-img":"","footer-sml-layout":"","ast-disable-related-posts":"","theme-transparent-header-meta":"default","adv-header-id-meta":"","stick-header-meta":"","header-above-stick-meta":"","header-main-stick-meta":"","header-below-stick-meta":"","astra-migrate-meta-layouts":"default","ast-page-background-enabled":"default","ast-page-background-meta":{"desktop":{"background-color":"var(--ast-global-color-5)","background-image":"","background-repeat":"repeat","background-position":"center center","background-size":"auto","background-attachment":"scroll","background-type":"","background-media":"","overlay-type":"","overlay-color":"","overlay-opacity":"","overlay-gradient":""},"tablet":{"background-color":"","background-image":"","background-repeat":"repeat","background-position":"center center","background-size":"auto","background-attachment":"scroll","background-type":"","background-media":"","overlay-type":"","overlay-color":"","overlay-opacity":"","overlay-gradient":""},"mobile":{"background-color":"","background-image":"","background-repeat":"repeat","background-position":"center center","background-size":"auto","background-attachment":"scroll","background-type":"","background-media":"","overlay-type":"","overlay-color":"","overlay-opacity":"","overlay-gradient":""}},"ast-content-background-meta":{"desktop":{"background-color":"var(--ast-global-color-4)","background-image":"","background-repeat":"repeat","background-position":"center center","background-size":"auto","background-attachment":"scroll","background-type":"","background-media":"","overlay-type":"","overlay-color":"","overlay-opacity":"","overlay-gradient":""},"tablet":{"background-color":"var(--ast-global-color-4)","background-image":"","background-repeat":"repeat","background-position":"center center","background-size":"auto","background-attachment":"scroll","background-type":"","background-media":"","overlay-type":"","overlay-color":"","overlay-opacity":"","overlay-gradient":""},"mobile":{"background-color":"var(--ast-global-color-4)","background-image":"","background-repeat":"repeat","background-position":"center center","background-size":"auto","background-attachment":"scroll","background-type":"","background-media":"","overlay-type":"","overlay-color":"","overlay-opacity":"","overlay-gradient":""}}},"product_brand":[],"product_cat":[54],"product_tag":[],"destinations":[67],"modalidad-del-tour":[],"class_list":{"0":"post-1310","1":"product","2":"type-product","3":"status-publish","4":"has-post-thumbnail","6":"product_cat-passeios-de-um-dia","7":"destinations-cusco","8":"desktop-align-left","9":"tablet-align-left","10":"mobile-align-left","12":"first","13":"instock","14":"virtual","15":"sold-individually","16":"purchasable","17":"product-type-booking"},"_links":{"self":[{"href":"https:\/\/camstravelperu.com\/pt-br\/wp-json\/wp\/v2\/product\/1310","targetHints":{"allow":["GET"]}}],"collection":[{"href":"https:\/\/camstravelperu.com\/pt-br\/wp-json\/wp\/v2\/product"}],"about":[{"href":"https:\/\/camstravelperu.com\/pt-br\/wp-json\/wp\/v2\/types\/product"}],"replies":[{"embeddable":true,"href":"https:\/\/camstravelperu.com\/pt-br\/wp-json\/wp\/v2\/comments?post=1310"}],"wp:featuredmedia":[{"embeddable":true,"href":"https:\/\/camstravelperu.com\/pt-br\/wp-json\/wp\/v2\/media\/643"}],"wp:attachment":[{"href":"https:\/\/camstravelperu.com\/pt-br\/wp-json\/wp\/v2\/media?parent=1310"}],"wp:term":[{"taxonomy":"product_brand","embeddable":true,"href":"https:\/\/camstravelperu.com\/pt-br\/wp-json\/wp\/v2\/product_brand?post=1310"},{"taxonomy":"product_cat","embeddable":true,"href":"https:\/\/camstravelperu.com\/pt-br\/wp-json\/wp\/v2\/product_cat?post=1310"},{"taxonomy":"product_tag","embeddable":true,"href":"https:\/\/camstravelperu.com\/pt-br\/wp-json\/wp\/v2\/product_tag?post=1310"},{"taxonomy":"destinations","embeddable":true,"href":"https:\/\/camstravelperu.com\/pt-br\/wp-json\/wp\/v2\/destinations?post=1310"},{"taxonomy":"modalidad-del-tour","embeddable":true,"href":"https:\/\/camstravelperu.com\/pt-br\/wp-json\/wp\/v2\/modalidad-del-tour?post=1310"}],"curies":[{"name":"wp","href":"https:\/\/api.w.org\/{rel}","templated":true}]}}