{"id":1284,"date":"2026-02-18T15:19:25","date_gmt":"2026-02-18T20:19:25","guid":{"rendered":"https:\/\/camstravelperu.com\/tour\/sillustani-half-day-excursion\/"},"modified":"2026-02-18T15:19:25","modified_gmt":"2026-02-18T20:19:25","slug":"sillustani-half-day-excursion","status":"publish","type":"product","link":"https:\/\/camstravelperu.com\/pt-br\/tour\/sillustani-half-day-excursion\/","title":{"rendered":"Sillustani Half-Day Excursion"},"content":{"rendered":"<p data-start=\"23\" data-end=\"403\">A Excurs\u00e3o de Meio Dia a Sillustani \u00e9 uma jornada de meio dia at\u00e9 as torres funer\u00e1rias pr\u00e9-incas de Sillustani, situadas em uma pen\u00ednsula pitoresca com vista para o Lago Umayo. Explore antigas chullpas, aprenda sobre as tradi\u00e7\u00f5es funer\u00e1rias Colla e Inca e desfrute de paisagens andinas deslumbrantes em uma excurs\u00e3o curta e culturalmente enriquecedora. <\/p>\n<p data-start=\"405\" data-end=\"533\">Ideal para entusiastas da hist\u00f3ria, fot\u00f3grafos e viajantes que buscam uma vis\u00e3o significativa das civiliza\u00e7\u00f5es pr\u00e9-incas e incas.<\/p>\n<p data-section-id=\"o43lvb\" data-start=\"540\" data-end=\"565\"><strong>Itiner\u00e1rio em resumo:<\/strong><\/p>\n<p style=\"text-align: center;\" data-start=\"567\" data-end=\"945\" data-is-last-node=\"\" data-is-only-node=\"\"><strong data-start=\"567\" data-end=\"585\">Excurs\u00e3o de meio dia:<\/strong> Puno \u2013 Sillustani \u2013 Puno.<\/p>\n<p data-start=\"567\" data-end=\"945\" data-is-last-node=\"\" data-is-only-node=\"\">Parta de Puno pela manh\u00e3 ou \u00e0 tarde para um passeio panor\u00e2mico at\u00e9 Sillustani. Explore as impressionantes chullpas cil\u00edndricas, aprenda sobre as pr\u00e1ticas funer\u00e1rias pr\u00e9-incas e incas e desfrute das vistas panor\u00e2micas do Lago Umayo e das terras altas circundantes antes de retornar a Puno. <\/p>\n","protected":false},"excerpt":{"rendered":"<p>A Excurs\u00e3o de Meio Dia a Sillustani \u00e9 uma jornada de meio dia at\u00e9 as torres funer\u00e1rias pr\u00e9-incas de Sillustani, [&hellip;]<\/p>\n","protected":false},"featured_media":653,"comment_status":"open","ping_status":"closed","template":"","meta":{"site-sidebar-layout":"default","site-content-layout":"","ast-site-content-layout":"default","site-content-style":"default","site-sidebar-style":"default","ast-global-header-display":"","ast-banner-title-visibility":"","ast-main-header-display":"","ast-hfb-above-header-display":"","ast-hfb-below-header-display":"","ast-hfb-mobile-header-display":"","site-post-title":"","ast-breadcrumbs-content":"","ast-featured-img":"","footer-sml-layout":"","ast-disable-related-posts":"","theme-transparent-header-meta":"default","adv-header-id-meta":"","stick-header-meta":"","header-above-stick-meta":"","header-main-stick-meta":"","header-below-stick-meta":"","astra-migrate-meta-layouts":"default","ast-page-background-enabled":"default","ast-page-background-meta":{"desktop":{"background-color":"var(--ast-global-color-5)","background-image":"","background-repeat":"repeat","background-position":"center center","background-size":"auto","background-attachment":"scroll","background-type":"","background-media":"","overlay-type":"","overlay-color":"","overlay-opacity":"","overlay-gradient":""},"tablet":{"background-color":"","background-image":"","background-repeat":"repeat","background-position":"center center","background-size":"auto","background-attachment":"scroll","background-type":"","background-media":"","overlay-type":"","overlay-color":"","overlay-opacity":"","overlay-gradient":""},"mobile":{"background-color":"","background-image":"","background-repeat":"repeat","background-position":"center center","background-size":"auto","background-attachment":"scroll","background-type":"","background-media":"","overlay-type":"","overlay-color":"","overlay-opacity":"","overlay-gradient":""}},"ast-content-background-meta":{"desktop":{"background-color":"var(--ast-global-color-4)","background-image":"","background-repeat":"repeat","background-position":"center center","background-size":"auto","background-attachment":"scroll","background-type":"","background-media":"","overlay-type":"","overlay-color":"","overlay-opacity":"","overlay-gradient":""},"tablet":{"background-color":"var(--ast-global-color-4)","background-image":"","background-repeat":"repeat","background-position":"center center","background-size":"auto","background-attachment":"scroll","background-type":"","background-media":"","overlay-type":"","overlay-color":"","overlay-opacity":"","overlay-gradient":""},"mobile":{"background-color":"var(--ast-global-color-4)","background-image":"","background-repeat":"repeat","background-position":"center center","background-size":"auto","background-attachment":"scroll","background-type":"","background-media":"","overlay-type":"","overlay-color":"","overlay-opacity":"","overlay-gradient":""}}},"product_brand":[],"product_cat":[54],"product_tag":[],"destinations":[74],"modalidad-del-tour":[],"class_list":{"0":"post-1284","1":"product","2":"type-product","3":"status-publish","4":"has-post-thumbnail","6":"product_cat-passeios-de-um-dia","7":"destinations-puno","8":"desktop-align-left","9":"tablet-align-left","10":"mobile-align-left","12":"first","13":"instock","14":"virtual","15":"sold-individually","16":"purchasable","17":"product-type-booking"},"_links":{"self":[{"href":"https:\/\/camstravelperu.com\/pt-br\/wp-json\/wp\/v2\/product\/1284","targetHints":{"allow":["GET"]}}],"collection":[{"href":"https:\/\/camstravelperu.com\/pt-br\/wp-json\/wp\/v2\/product"}],"about":[{"href":"https:\/\/camstravelperu.com\/pt-br\/wp-json\/wp\/v2\/types\/product"}],"replies":[{"embeddable":true,"href":"https:\/\/camstravelperu.com\/pt-br\/wp-json\/wp\/v2\/comments?post=1284"}],"wp:featuredmedia":[{"embeddable":true,"href":"https:\/\/camstravelperu.com\/pt-br\/wp-json\/wp\/v2\/media\/653"}],"wp:attachment":[{"href":"https:\/\/camstravelperu.com\/pt-br\/wp-json\/wp\/v2\/media?parent=1284"}],"wp:term":[{"taxonomy":"product_brand","embeddable":true,"href":"https:\/\/camstravelperu.com\/pt-br\/wp-json\/wp\/v2\/product_brand?post=1284"},{"taxonomy":"product_cat","embeddable":true,"href":"https:\/\/camstravelperu.com\/pt-br\/wp-json\/wp\/v2\/product_cat?post=1284"},{"taxonomy":"product_tag","embeddable":true,"href":"https:\/\/camstravelperu.com\/pt-br\/wp-json\/wp\/v2\/product_tag?post=1284"},{"taxonomy":"destinations","embeddable":true,"href":"https:\/\/camstravelperu.com\/pt-br\/wp-json\/wp\/v2\/destinations?post=1284"},{"taxonomy":"modalidad-del-tour","embeddable":true,"href":"https:\/\/camstravelperu.com\/pt-br\/wp-json\/wp\/v2\/modalidad-del-tour?post=1284"}],"curies":[{"name":"wp","href":"https:\/\/api.w.org\/{rel}","templated":true}]}}