{"id":1089,"date":"2026-02-18T15:49:36","date_gmt":"2026-02-18T20:49:36","guid":{"rendered":"https:\/\/camstravelperu.com\/tour\/salinas-e-lago-salgado-dia-inteiro\/"},"modified":"2026-03-18T18:19:46","modified_gmt":"2026-03-18T23:19:46","slug":"salinas-e-lago-salgado-dia-inteiro","status":"publish","type":"product","link":"https:\/\/camstravelperu.com\/pt-br\/tour\/salinas-e-lago-salgado-dia-inteiro\/","title":{"rendered":"Salinas e Lago Salgado &#8211; Dia Inteiro"},"content":{"rendered":"<p data-start=\"23\" data-end=\"363\">O passeio de um dia inteiro \u00e0 Laguna de Salinas \u00e9 uma aventura de um dia inteiro pelas deslumbrantes terras altas perto de Arequipa. Explore as vastas salinas da Laguna de Salinas, cercadas por vulc\u00f5es, e encontre vicunhas, lhamas, alpacas e aves andinas selvagens. Este passeio oferece oportunidades fotogr\u00e1ficas \u00fanicas e uma experi\u00eancia tranquila em altitude.  <\/p>\n<p data-start=\"365\" data-end=\"470\">Ideal para amantes da natureza, fot\u00f3grafos e viajantes em busca de paisagens andinas aut\u00eanticas e vida selvagem.<\/p>\n<p data-section-id=\"o43lvb\" data-start=\"477\" data-end=\"502\"><strong>Itiner\u00e1rio em resumo:<\/strong><\/p>\n<p data-start=\"504\" data-end=\"1003\" data-is-last-node=\"\" data-is-only-node=\"\">Excurs\u00e3o de dia inteiro: Sa\u00edda pela manh\u00e3 de Arequipa \u2013 Viagem pelas terras altas dos Andes e pela Reserva Nacional de Salinas e Aguada Blanca \u2013 Desfrute de vistas panor\u00e2micas dos vulc\u00f5es Misti, Chachani e Pichu Pichu \u2013 Explore a Laguna de Salinas com suas salinas e reflexos sazonais \u2013 Observe vicunhas, lhamas, alpacas e flamingos \u2013 Paradas para fotos e mirantes panor\u00e2micos \u2013 Retorno a Arequipa \u00e0 noite. Experimente paisagens de altitude, vida selvagem e a serena beleza andina ao longo do dia. <\/p>\n","protected":false},"excerpt":{"rendered":"<p>O passeio de um dia inteiro \u00e0 Laguna de Salinas \u00e9 uma aventura de um dia inteiro pelas deslumbrantes terras [&hellip;]<\/p>\n","protected":false},"featured_media":557,"comment_status":"open","ping_status":"closed","template":"","meta":{"site-sidebar-layout":"default","site-content-layout":"","ast-site-content-layout":"default","site-content-style":"default","site-sidebar-style":"default","ast-global-header-display":"","ast-banner-title-visibility":"","ast-main-header-display":"","ast-hfb-above-header-display":"","ast-hfb-below-header-display":"","ast-hfb-mobile-header-display":"","site-post-title":"","ast-breadcrumbs-content":"","ast-featured-img":"","footer-sml-layout":"","ast-disable-related-posts":"","theme-transparent-header-meta":"default","adv-header-id-meta":"","stick-header-meta":"","header-above-stick-meta":"","header-main-stick-meta":"","header-below-stick-meta":"","astra-migrate-meta-layouts":"default","ast-page-background-enabled":"default","ast-page-background-meta":{"desktop":{"background-color":"var(--ast-global-color-5)","background-image":"","background-repeat":"repeat","background-position":"center center","background-size":"auto","background-attachment":"scroll","background-type":"","background-media":"","overlay-type":"","overlay-color":"","overlay-opacity":"","overlay-gradient":""},"tablet":{"background-color":"","background-image":"","background-repeat":"repeat","background-position":"center center","background-size":"auto","background-attachment":"scroll","background-type":"","background-media":"","overlay-type":"","overlay-color":"","overlay-opacity":"","overlay-gradient":""},"mobile":{"background-color":"","background-image":"","background-repeat":"repeat","background-position":"center center","background-size":"auto","background-attachment":"scroll","background-type":"","background-media":"","overlay-type":"","overlay-color":"","overlay-opacity":"","overlay-gradient":""}},"ast-content-background-meta":{"desktop":{"background-color":"var(--ast-global-color-4)","background-image":"","background-repeat":"repeat","background-position":"center center","background-size":"auto","background-attachment":"scroll","background-type":"","background-media":"","overlay-type":"","overlay-color":"","overlay-opacity":"","overlay-gradient":""},"tablet":{"background-color":"var(--ast-global-color-4)","background-image":"","background-repeat":"repeat","background-position":"center center","background-size":"auto","background-attachment":"scroll","background-type":"","background-media":"","overlay-type":"","overlay-color":"","overlay-opacity":"","overlay-gradient":""},"mobile":{"background-color":"var(--ast-global-color-4)","background-image":"","background-repeat":"repeat","background-position":"center center","background-size":"auto","background-attachment":"scroll","background-type":"","background-media":"","overlay-type":"","overlay-color":"","overlay-opacity":"","overlay-gradient":""}}},"product_brand":[],"product_cat":[54],"product_tag":[],"destinations":[56],"modalidad-del-tour":[],"class_list":{"0":"post-1089","1":"product","2":"type-product","3":"status-publish","4":"has-post-thumbnail","6":"product_cat-passeios-de-um-dia","7":"destinations-arequipa","8":"desktop-align-left","9":"tablet-align-left","10":"mobile-align-left","12":"first","13":"instock","14":"virtual","15":"sold-individually","16":"purchasable","17":"product-type-booking"},"_links":{"self":[{"href":"https:\/\/camstravelperu.com\/pt-br\/wp-json\/wp\/v2\/product\/1089","targetHints":{"allow":["GET"]}}],"collection":[{"href":"https:\/\/camstravelperu.com\/pt-br\/wp-json\/wp\/v2\/product"}],"about":[{"href":"https:\/\/camstravelperu.com\/pt-br\/wp-json\/wp\/v2\/types\/product"}],"replies":[{"embeddable":true,"href":"https:\/\/camstravelperu.com\/pt-br\/wp-json\/wp\/v2\/comments?post=1089"}],"wp:featuredmedia":[{"embeddable":true,"href":"https:\/\/camstravelperu.com\/pt-br\/wp-json\/wp\/v2\/media\/557"}],"wp:attachment":[{"href":"https:\/\/camstravelperu.com\/pt-br\/wp-json\/wp\/v2\/media?parent=1089"}],"wp:term":[{"taxonomy":"product_brand","embeddable":true,"href":"https:\/\/camstravelperu.com\/pt-br\/wp-json\/wp\/v2\/product_brand?post=1089"},{"taxonomy":"product_cat","embeddable":true,"href":"https:\/\/camstravelperu.com\/pt-br\/wp-json\/wp\/v2\/product_cat?post=1089"},{"taxonomy":"product_tag","embeddable":true,"href":"https:\/\/camstravelperu.com\/pt-br\/wp-json\/wp\/v2\/product_tag?post=1089"},{"taxonomy":"destinations","embeddable":true,"href":"https:\/\/camstravelperu.com\/pt-br\/wp-json\/wp\/v2\/destinations?post=1089"},{"taxonomy":"modalidad-del-tour","embeddable":true,"href":"https:\/\/camstravelperu.com\/pt-br\/wp-json\/wp\/v2\/modalidad-del-tour?post=1089"}],"curies":[{"name":"wp","href":"https:\/\/api.w.org\/{rel}","templated":true}]}}