{"id":1408,"date":"2026-01-29T12:56:01","date_gmt":"2026-01-29T17:56:01","guid":{"rendered":"https:\/\/camstravelperu.com\/tour\/camino-inca-de-2-dias-con-hotel-la-experiencia-de-la-caminata-corta\/"},"modified":"2026-01-29T12:56:01","modified_gmt":"2026-01-29T17:56:01","slug":"camino-inca-de-2-dias-con-hotel-la-experiencia-de-la-caminata-corta","status":"publish","type":"product","link":"https:\/\/camstravelperu.com\/es\/tour\/camino-inca-de-2-dias-con-hotel-la-experiencia-de-la-caminata-corta\/","title":{"rendered":"Camino Inca de 2 d\u00edas con hotel: La experiencia de la caminata corta"},"content":{"rendered":"<p data-start=\"23\" data-end=\"403\">La caminata de 2 d\u00edas por el Camino Inca es la alternativa perfecta para quienes desean recorrer el hist\u00f3rico camino inca en menos tiempo. Esta ruta sigue uno de los tramos m\u00e1s pintorescos del sendero a trav\u00e9s del bosque nuboso, combinando hermosos paisajes, historia ancestral y una c\u00f3moda estad\u00eda de una noche en Aguas Calientes. <\/p>\n<p data-start=\"405\" data-end=\"650\">Durante la caminata, los visitantes exploran las impresionantes terrazas de Wi\u00f1ay Wayna y caminan hacia Inti Punku, donde les espera la primera vista panor\u00e1mica de Machu Picchu.<\/p>\n<p data-section-id=\"o43lvb\" data-start=\"996\" data-end=\"1021\"><strong>Itinerario resumido:<\/strong><\/p>\n<ul>\n<li data-start=\"1023\" data-end=\"1454\"><strong data-start=\"1023\" data-end=\"1033\">D\u00eda 1<\/strong>: Cusco \u2013 Km 104 \u2013 Wi\u00f1ay Wayna \u2013 Inti Punku \u2013 Aguas Calientes. Viaje temprano en tren hasta el Km 104 para comenzar la caminata por el Camino Inca, visitando Wi\u00f1ay Wayna y llegando a la Puerta del Sol para disfrutar de las primeras vistas de Machu Picchu antes de descender a Aguas Calientes para pasar la noche. <\/li>\n<li data-start=\"1456\" data-end=\"1673\"><strong data-start=\"1456\" data-end=\"1466\">D\u00eda 2: <\/strong>Aguas Calientes \u2013 Machu Picchu \u2013 Cusco. Por la ma\u00f1ana, viaje en autob\u00fas a Machu Picchu para una visita guiada a la ciudadela, seguido de tiempo libre para explorar y, posteriormente, regreso a Cusco en tren. <\/li>\n<\/ul>\n","protected":false},"excerpt":{"rendered":"<p>La caminata de 2 d\u00edas por el Camino Inca es la alternativa perfecta para quienes desean recorrer el hist\u00f3rico camino [&hellip;]<\/p>\n","protected":false},"featured_media":371,"comment_status":"open","ping_status":"closed","template":"","meta":{"site-sidebar-layout":"default","site-content-layout":"","ast-site-content-layout":"default","site-content-style":"default","site-sidebar-style":"default","ast-global-header-display":"","ast-banner-title-visibility":"","ast-main-header-display":"","ast-hfb-above-header-display":"","ast-hfb-below-header-display":"","ast-hfb-mobile-header-display":"","site-post-title":"","ast-breadcrumbs-content":"","ast-featured-img":"","footer-sml-layout":"","ast-disable-related-posts":"","theme-transparent-header-meta":"default","adv-header-id-meta":"","stick-header-meta":"","header-above-stick-meta":"","header-main-stick-meta":"","header-below-stick-meta":"","astra-migrate-meta-layouts":"default","ast-page-background-enabled":"default","ast-page-background-meta":{"desktop":{"background-color":"var(--ast-global-color-5)","background-image":"","background-repeat":"repeat","background-position":"center center","background-size":"auto","background-attachment":"scroll","background-type":"","background-media":"","overlay-type":"","overlay-color":"","overlay-opacity":"","overlay-gradient":""},"tablet":{"background-color":"","background-image":"","background-repeat":"repeat","background-position":"center center","background-size":"auto","background-attachment":"scroll","background-type":"","background-media":"","overlay-type":"","overlay-color":"","overlay-opacity":"","overlay-gradient":""},"mobile":{"background-color":"","background-image":"","background-repeat":"repeat","background-position":"center center","background-size":"auto","background-attachment":"scroll","background-type":"","background-media":"","overlay-type":"","overlay-color":"","overlay-opacity":"","overlay-gradient":""}},"ast-content-background-meta":{"desktop":{"background-color":"var(--ast-global-color-4)","background-image":"","background-repeat":"repeat","background-position":"center center","background-size":"auto","background-attachment":"scroll","background-type":"","background-media":"","overlay-type":"","overlay-color":"","overlay-opacity":"","overlay-gradient":""},"tablet":{"background-color":"var(--ast-global-color-4)","background-image":"","background-repeat":"repeat","background-position":"center center","background-size":"auto","background-attachment":"scroll","background-type":"","background-media":"","overlay-type":"","overlay-color":"","overlay-opacity":"","overlay-gradient":""},"mobile":{"background-color":"var(--ast-global-color-4)","background-image":"","background-repeat":"repeat","background-position":"center center","background-size":"auto","background-attachment":"scroll","background-type":"","background-media":"","overlay-type":"","overlay-color":"","overlay-opacity":"","overlay-gradient":""}}},"product_brand":[],"product_cat":[59],"product_tag":[],"destinations":[68],"modalidad-del-tour":[],"class_list":{"0":"post-1408","1":"product","2":"type-product","3":"status-publish","4":"has-post-thumbnail","6":"product_cat-camino-inca","7":"destinations-cusco","8":"desktop-align-left","9":"tablet-align-left","10":"mobile-align-left","12":"first","13":"instock","14":"virtual","15":"sold-individually","16":"purchasable","17":"product-type-booking"},"_links":{"self":[{"href":"https:\/\/camstravelperu.com\/es\/wp-json\/wp\/v2\/product\/1408","targetHints":{"allow":["GET"]}}],"collection":[{"href":"https:\/\/camstravelperu.com\/es\/wp-json\/wp\/v2\/product"}],"about":[{"href":"https:\/\/camstravelperu.com\/es\/wp-json\/wp\/v2\/types\/product"}],"replies":[{"embeddable":true,"href":"https:\/\/camstravelperu.com\/es\/wp-json\/wp\/v2\/comments?post=1408"}],"wp:featuredmedia":[{"embeddable":true,"href":"https:\/\/camstravelperu.com\/es\/wp-json\/wp\/v2\/media\/371"}],"wp:attachment":[{"href":"https:\/\/camstravelperu.com\/es\/wp-json\/wp\/v2\/media?parent=1408"}],"wp:term":[{"taxonomy":"product_brand","embeddable":true,"href":"https:\/\/camstravelperu.com\/es\/wp-json\/wp\/v2\/product_brand?post=1408"},{"taxonomy":"product_cat","embeddable":true,"href":"https:\/\/camstravelperu.com\/es\/wp-json\/wp\/v2\/product_cat?post=1408"},{"taxonomy":"product_tag","embeddable":true,"href":"https:\/\/camstravelperu.com\/es\/wp-json\/wp\/v2\/product_tag?post=1408"},{"taxonomy":"destinations","embeddable":true,"href":"https:\/\/camstravelperu.com\/es\/wp-json\/wp\/v2\/destinations?post=1408"},{"taxonomy":"modalidad-del-tour","embeddable":true,"href":"https:\/\/camstravelperu.com\/es\/wp-json\/wp\/v2\/modalidad-del-tour?post=1408"}],"curies":[{"name":"wp","href":"https:\/\/api.w.org\/{rel}","templated":true}]}}