{"id":1370,"date":"2026-01-29T14:56:47","date_gmt":"2026-01-29T19:56:47","guid":{"rendered":"https:\/\/camstravelperu.com\/tour\/machu-picchu-en-tren-la-experiencia-definitiva-de-un-dia-completo\/"},"modified":"2026-01-29T14:56:47","modified_gmt":"2026-01-29T19:56:47","slug":"machu-picchu-en-tren-la-experiencia-definitiva-de-un-dia-completo","status":"publish","type":"product","link":"https:\/\/camstravelperu.com\/es\/tour\/machu-picchu-en-tren-la-experiencia-definitiva-de-un-dia-completo\/","title":{"rendered":"Machu Picchu en tren: La experiencia definitiva de un d\u00eda completo."},"content":{"rendered":"<p data-start=\"23\" data-end=\"370\">El tour en tren a Machu Picchu es la opci\u00f3n perfecta para quienes desean visitar la legendaria ciudadela inca en un solo d\u00eda, disfrutando de comodidad y paisajes espectaculares. El recorrido sigue el hermoso r\u00edo Urubamba a trav\u00e9s de los exuberantes paisajes del Valle Sagrado y el bosque nuboso. <\/p>\n<p data-start=\"372\" data-end=\"596\">Al llegar a Aguas Calientes, un pintoresco viaje en autob\u00fas le llevar\u00e1 hasta el santuario arqueol\u00f3gico, donde un gu\u00eda profesional le acompa\u00f1ar\u00e1 por las zonas m\u00e1s importantes de esta maravilla de fama mundial.<\/p>\n<p data-section-id=\"o43lvb\" data-start=\"603\" data-end=\"628\"><strong>Itinerario resumido: <\/strong><\/p>\n<p style=\"text-align: center;\" data-section-id=\"o43lvb\" data-start=\"603\" data-end=\"628\"><strong data-start=\"630\" data-end=\"648\">Tour de D\u00eda Completo: <\/strong>Cusco \u2013 Ollantaytambo \u2013 Tren a Aguas Calientes \u2013 Machu Picchu \u2013 Cusco.<\/p>\n<p data-start=\"630\" data-end=\"1060\" data-is-last-node=\"\" data-is-only-node=\"\">Temprano por la ma\u00f1ana, traslado a Ollantaytambo para abordar el tren a Aguas Calientes. Al llegar, tome el autob\u00fas hasta Machu Picchu para realizar una visita guiada a la ciudadela. Por la tarde, regrese en tren y luego trasl\u00e1dese de vuelta a Cusco.  <\/p>\n","protected":false},"excerpt":{"rendered":"<p>El tour en tren a Machu Picchu es la opci\u00f3n perfecta para quienes desean visitar la legendaria ciudadela inca en [&hellip;]<\/p>\n","protected":false},"featured_media":393,"comment_status":"open","ping_status":"closed","template":"","meta":{"site-sidebar-layout":"default","site-content-layout":"","ast-site-content-layout":"default","site-content-style":"default","site-sidebar-style":"default","ast-global-header-display":"","ast-banner-title-visibility":"","ast-main-header-display":"","ast-hfb-above-header-display":"","ast-hfb-below-header-display":"","ast-hfb-mobile-header-display":"","site-post-title":"","ast-breadcrumbs-content":"","ast-featured-img":"","footer-sml-layout":"","ast-disable-related-posts":"","theme-transparent-header-meta":"default","adv-header-id-meta":"","stick-header-meta":"","header-above-stick-meta":"","header-main-stick-meta":"","header-below-stick-meta":"","astra-migrate-meta-layouts":"default","ast-page-background-enabled":"default","ast-page-background-meta":{"desktop":{"background-color":"var(--ast-global-color-5)","background-image":"","background-repeat":"repeat","background-position":"center center","background-size":"auto","background-attachment":"scroll","background-type":"","background-media":"","overlay-type":"","overlay-color":"","overlay-opacity":"","overlay-gradient":""},"tablet":{"background-color":"","background-image":"","background-repeat":"repeat","background-position":"center center","background-size":"auto","background-attachment":"scroll","background-type":"","background-media":"","overlay-type":"","overlay-color":"","overlay-opacity":"","overlay-gradient":""},"mobile":{"background-color":"","background-image":"","background-repeat":"repeat","background-position":"center center","background-size":"auto","background-attachment":"scroll","background-type":"","background-media":"","overlay-type":"","overlay-color":"","overlay-opacity":"","overlay-gradient":""}},"ast-content-background-meta":{"desktop":{"background-color":"var(--ast-global-color-4)","background-image":"","background-repeat":"repeat","background-position":"center center","background-size":"auto","background-attachment":"scroll","background-type":"","background-media":"","overlay-type":"","overlay-color":"","overlay-opacity":"","overlay-gradient":""},"tablet":{"background-color":"var(--ast-global-color-4)","background-image":"","background-repeat":"repeat","background-position":"center center","background-size":"auto","background-attachment":"scroll","background-type":"","background-media":"","overlay-type":"","overlay-color":"","overlay-opacity":"","overlay-gradient":""},"mobile":{"background-color":"var(--ast-global-color-4)","background-image":"","background-repeat":"repeat","background-position":"center center","background-size":"auto","background-attachment":"scroll","background-type":"","background-media":"","overlay-type":"","overlay-color":"","overlay-opacity":"","overlay-gradient":""}}},"product_brand":[],"product_cat":[53,61],"product_tag":[],"destinations":[68],"modalidad-del-tour":[],"class_list":{"0":"post-1370","1":"product","2":"type-product","3":"status-publish","4":"has-post-thumbnail","6":"product_cat-tours-de-un-dia","7":"product_cat-tours-a-machu-picchu","8":"destinations-cusco","9":"desktop-align-left","10":"tablet-align-left","11":"mobile-align-left","13":"first","14":"instock","15":"virtual","16":"sold-individually","17":"purchasable","18":"product-type-booking"},"_links":{"self":[{"href":"https:\/\/camstravelperu.com\/es\/wp-json\/wp\/v2\/product\/1370","targetHints":{"allow":["GET"]}}],"collection":[{"href":"https:\/\/camstravelperu.com\/es\/wp-json\/wp\/v2\/product"}],"about":[{"href":"https:\/\/camstravelperu.com\/es\/wp-json\/wp\/v2\/types\/product"}],"replies":[{"embeddable":true,"href":"https:\/\/camstravelperu.com\/es\/wp-json\/wp\/v2\/comments?post=1370"}],"wp:featuredmedia":[{"embeddable":true,"href":"https:\/\/camstravelperu.com\/es\/wp-json\/wp\/v2\/media\/393"}],"wp:attachment":[{"href":"https:\/\/camstravelperu.com\/es\/wp-json\/wp\/v2\/media?parent=1370"}],"wp:term":[{"taxonomy":"product_brand","embeddable":true,"href":"https:\/\/camstravelperu.com\/es\/wp-json\/wp\/v2\/product_brand?post=1370"},{"taxonomy":"product_cat","embeddable":true,"href":"https:\/\/camstravelperu.com\/es\/wp-json\/wp\/v2\/product_cat?post=1370"},{"taxonomy":"product_tag","embeddable":true,"href":"https:\/\/camstravelperu.com\/es\/wp-json\/wp\/v2\/product_tag?post=1370"},{"taxonomy":"destinations","embeddable":true,"href":"https:\/\/camstravelperu.com\/es\/wp-json\/wp\/v2\/destinations?post=1370"},{"taxonomy":"modalidad-del-tour","embeddable":true,"href":"https:\/\/camstravelperu.com\/es\/wp-json\/wp\/v2\/modalidad-del-tour?post=1370"}],"curies":[{"name":"wp","href":"https:\/\/api.w.org\/{rel}","templated":true}]}}