{"id":1358,"date":"2026-01-29T15:21:01","date_gmt":"2026-01-29T20:21:01","guid":{"rendered":"https:\/\/camstravelperu.com\/tour\/tour-al-valle-sagrado-y-viaje-en-tren-a-machu-picchu-el-viaje-cultural-definitivo-de-2-dias\/"},"modified":"2026-01-29T15:21:01","modified_gmt":"2026-01-29T20:21:01","slug":"tour-al-valle-sagrado-y-viaje-en-tren-a-machu-picchu-el-viaje-cultural-definitivo-de-2-dias","status":"publish","type":"product","link":"https:\/\/camstravelperu.com\/es\/tour\/tour-al-valle-sagrado-y-viaje-en-tren-a-machu-picchu-el-viaje-cultural-definitivo-de-2-dias\/","title":{"rendered":"Tour al Valle Sagrado y viaje en tren a Machu Picchu: El viaje cultural definitivo de 2 d\u00edas."},"content":{"rendered":"<p data-start=\"23\" data-end=\"350\">El tour del Valle Sagrado y Machu Picchu es la opci\u00f3n perfecta para quienes desean explorar los lugares m\u00e1s emblem\u00e1ticos de la regi\u00f3n de Cusco en poco tiempo. Este viaje combina visitas culturales, impresionantes paisajes andinos y un pintoresco recorrido en tren por el valle. <\/p>\n<p data-start=\"352\" data-end=\"611\">Durante el recorrido, los visitantes exploran importantes sitios incas como el Parque Arqueol\u00f3gico de Pisac y Ollantaytambo, antes de viajar en tren a Aguas Calientes para visitar la legendaria Machu Picchu.<\/p>\n<p data-section-id=\"o43lvb\" data-start=\"618\" data-end=\"643\"><strong>Itinerario de un vistazo<\/strong><\/p>\n<ul>\n<li data-start=\"645\" data-end=\"1016\"><strong data-start=\"645\" data-end=\"655\">D\u00eda 1: <\/strong>Cusco \u2013 Parque Arqueol\u00f3gico de Pisac \u2013 Valle Sagrado \u2013 Ollantaytambo \u2013 Tren a Aguas Calientes. D\u00eda completo de exploraci\u00f3n del Valle Sagrado, visitando Pisac y Ollantaytambo antes de abordar el tren a Aguas Calientes para pasar la noche. <\/li>\n<li data-start=\"1018\" data-end=\"1236\"><strong data-start=\"1018\" data-end=\"1028\">D\u00eda 2: <\/strong>Aguas Calientes \u2013 Machu Picchu \u2013 Cusco. Por la ma\u00f1ana, viaje en autob\u00fas a Machu Picchu para una visita guiada a la ciudadela, seguido del regreso a Cusco en tren y traslado al hotel. <\/li>\n<\/ul>\n<p>&nbsp;<\/p>\n","protected":false},"excerpt":{"rendered":"<p>El tour del Valle Sagrado y Machu Picchu es la opci\u00f3n perfecta para quienes desean explorar los lugares m\u00e1s emblem\u00e1ticos [&hellip;]<\/p>\n","protected":false},"featured_media":408,"comment_status":"open","ping_status":"closed","template":"","meta":{"site-sidebar-layout":"default","site-content-layout":"","ast-site-content-layout":"default","site-content-style":"default","site-sidebar-style":"default","ast-global-header-display":"","ast-banner-title-visibility":"","ast-main-header-display":"","ast-hfb-above-header-display":"","ast-hfb-below-header-display":"","ast-hfb-mobile-header-display":"","site-post-title":"","ast-breadcrumbs-content":"","ast-featured-img":"","footer-sml-layout":"","ast-disable-related-posts":"","theme-transparent-header-meta":"default","adv-header-id-meta":"","stick-header-meta":"","header-above-stick-meta":"","header-main-stick-meta":"","header-below-stick-meta":"","astra-migrate-meta-layouts":"default","ast-page-background-enabled":"default","ast-page-background-meta":{"desktop":{"background-color":"var(--ast-global-color-5)","background-image":"","background-repeat":"repeat","background-position":"center center","background-size":"auto","background-attachment":"scroll","background-type":"","background-media":"","overlay-type":"","overlay-color":"","overlay-opacity":"","overlay-gradient":""},"tablet":{"background-color":"","background-image":"","background-repeat":"repeat","background-position":"center center","background-size":"auto","background-attachment":"scroll","background-type":"","background-media":"","overlay-type":"","overlay-color":"","overlay-opacity":"","overlay-gradient":""},"mobile":{"background-color":"","background-image":"","background-repeat":"repeat","background-position":"center center","background-size":"auto","background-attachment":"scroll","background-type":"","background-media":"","overlay-type":"","overlay-color":"","overlay-opacity":"","overlay-gradient":""}},"ast-content-background-meta":{"desktop":{"background-color":"var(--ast-global-color-4)","background-image":"","background-repeat":"repeat","background-position":"center center","background-size":"auto","background-attachment":"scroll","background-type":"","background-media":"","overlay-type":"","overlay-color":"","overlay-opacity":"","overlay-gradient":""},"tablet":{"background-color":"var(--ast-global-color-4)","background-image":"","background-repeat":"repeat","background-position":"center center","background-size":"auto","background-attachment":"scroll","background-type":"","background-media":"","overlay-type":"","overlay-color":"","overlay-opacity":"","overlay-gradient":""},"mobile":{"background-color":"var(--ast-global-color-4)","background-image":"","background-repeat":"repeat","background-position":"center center","background-size":"auto","background-attachment":"scroll","background-type":"","background-media":"","overlay-type":"","overlay-color":"","overlay-opacity":"","overlay-gradient":""}}},"product_brand":[],"product_cat":[61],"product_tag":[],"destinations":[68],"modalidad-del-tour":[],"class_list":{"0":"post-1358","1":"product","2":"type-product","3":"status-publish","4":"has-post-thumbnail","6":"product_cat-tours-a-machu-picchu","7":"destinations-cusco","8":"desktop-align-left","9":"tablet-align-left","10":"mobile-align-left","12":"first","13":"instock","14":"virtual","15":"sold-individually","16":"purchasable","17":"product-type-booking"},"_links":{"self":[{"href":"https:\/\/camstravelperu.com\/es\/wp-json\/wp\/v2\/product\/1358","targetHints":{"allow":["GET"]}}],"collection":[{"href":"https:\/\/camstravelperu.com\/es\/wp-json\/wp\/v2\/product"}],"about":[{"href":"https:\/\/camstravelperu.com\/es\/wp-json\/wp\/v2\/types\/product"}],"replies":[{"embeddable":true,"href":"https:\/\/camstravelperu.com\/es\/wp-json\/wp\/v2\/comments?post=1358"}],"wp:featuredmedia":[{"embeddable":true,"href":"https:\/\/camstravelperu.com\/es\/wp-json\/wp\/v2\/media\/408"}],"wp:attachment":[{"href":"https:\/\/camstravelperu.com\/es\/wp-json\/wp\/v2\/media?parent=1358"}],"wp:term":[{"taxonomy":"product_brand","embeddable":true,"href":"https:\/\/camstravelperu.com\/es\/wp-json\/wp\/v2\/product_brand?post=1358"},{"taxonomy":"product_cat","embeddable":true,"href":"https:\/\/camstravelperu.com\/es\/wp-json\/wp\/v2\/product_cat?post=1358"},{"taxonomy":"product_tag","embeddable":true,"href":"https:\/\/camstravelperu.com\/es\/wp-json\/wp\/v2\/product_tag?post=1358"},{"taxonomy":"destinations","embeddable":true,"href":"https:\/\/camstravelperu.com\/es\/wp-json\/wp\/v2\/destinations?post=1358"},{"taxonomy":"modalidad-del-tour","embeddable":true,"href":"https:\/\/camstravelperu.com\/es\/wp-json\/wp\/v2\/modalidad-del-tour?post=1358"}],"curies":[{"name":"wp","href":"https:\/\/api.w.org\/{rel}","templated":true}]}}