{"id":1346,"date":"2026-01-29T12:43:02","date_gmt":"2026-01-29T17:43:02","guid":{"rendered":"https:\/\/camstravelperu.com\/tour\/camino-inca-de-5-dias-a-machu-picchu-la-aventura-extendida-ritmo-pausado\/"},"modified":"2026-01-29T12:43:02","modified_gmt":"2026-01-29T17:43:02","slug":"camino-inca-de-5-dias-a-machu-picchu-la-aventura-extendida-ritmo-pausado","status":"publish","type":"product","link":"https:\/\/camstravelperu.com\/es\/tour\/camino-inca-de-5-dias-a-machu-picchu-la-aventura-extendida-ritmo-pausado\/","title":{"rendered":"Camino Inca de 5 d\u00edas a Machu Picchu: La aventura extendida (ritmo pausado)"},"content":{"rendered":"<p data-start=\"23\" data-end=\"397\">El Camino Inca, conocido en quechua como Qhapaq \u00d1an, es una de las rutas de senderismo m\u00e1s famosas del mundo y una de las mayores aventuras de Sudam\u00e9rica. Este viaje de 5 d\u00edas recorre los antiguos caminos incas a trav\u00e9s de los Andes, ofreciendo una extraordinaria combinaci\u00f3n de historia, cultura y paisajes impresionantes. <\/p>\n<p data-start=\"399\" data-end=\"875\">Partiendo del kil\u00f3metro 82 en Piscacucho, el sendero atraviesa pasos de monta\u00f1a, bosques nubosos y valles, ofreciendo impresionantes sitios arqueol\u00f3gicos. La caminata conduce gradualmente a los excursionistas a la legendaria Machu Picchu, donde culmina con una visita guiada a la emblem\u00e1tica ciudadela inca. Esta versi\u00f3n extendida del sendero permite un ritmo m\u00e1s relajado, disfrutando plenamente del espectacular paisaje y la historia del antiguo Imperio Inca.  <\/p>\n<p data-section-id=\"o43lvb\" data-start=\"882\" data-end=\"907\"><strong>Itinerario resumido:<\/strong><\/p>\n<ul>\n<li data-start=\"909\" data-end=\"1168\"><strong data-start=\"909\" data-end=\"919\">D\u00eda 1:<\/strong> Cusco \u2013 Km 82 \u2013 Wayllabamba. Traslado temprano por la ma\u00f1ana desde Cusco a Piscacucho (Km 82) para comenzar la caminata por el Camino Inca, atravesando valles panor\u00e1micos hasta el campamento de Wayllabamba. <\/li>\n<li data-start=\"1170\" data-end=\"1375\"><strong data-start=\"1170\" data-end=\"1180\">D\u00eda 2:<\/strong> Wayllabamba \u2013 Paso de la Mujer Muerta \u2013 Pacaymayo. Ascenso exigente hasta el punto m\u00e1s alto del sendero (4215 m \/ 13 828 pies) seguido de un descenso hasta el campamento de Pacaymayo. <\/li>\n<li data-start=\"1377\" data-end=\"1609\"><strong data-start=\"1377\" data-end=\"1387\">D\u00eda 3:<\/strong> Pacaymayo \u2013 Runkurakay \u2013 Sayacmarca \u2013 Chaquicocha. Recorra hermosos paisajes andinos y visite importantes complejos arqueol\u00f3gicos a lo largo de la ruta. <\/li>\n<li data-start=\"1611\" data-end=\"1833\"><strong data-start=\"1611\" data-end=\"1621\">D\u00eda 4:<\/strong> Chaquicocha \u2013 Phuyupatamarca \u2013 Wi\u00f1ay Wayna. Caminata panor\u00e1mica a trav\u00e9s de zonas de bosque nuboso con visitas a impresionantes sitios incas antes de acampar cerca de Wi\u00f1ay Wayna. <\/li>\n<li data-start=\"1835\" data-end=\"2088\"><strong data-start=\"1835\" data-end=\"1845\">D\u00eda 5:<\/strong> Wi\u00f1ay Wayna \u2013 Inti Punku \u2013 Machu Picchu \u2013 Cusco. Caminata temprano por la ma\u00f1ana hasta la Puerta del Sol para disfrutar de la primera vista panor\u00e1mica de Machu Picchu, seguida de una visita guiada y regreso a Cusco. <\/li>\n<\/ul>\n","protected":false},"excerpt":{"rendered":"<p>El Camino Inca, conocido en quechua como Qhapaq \u00d1an, es una de las rutas de senderismo m\u00e1s famosas del mundo [&hellip;]<\/p>\n","protected":false},"featured_media":372,"comment_status":"open","ping_status":"closed","template":"","meta":{"site-sidebar-layout":"default","site-content-layout":"","ast-site-content-layout":"default","site-content-style":"default","site-sidebar-style":"default","ast-global-header-display":"","ast-banner-title-visibility":"","ast-main-header-display":"","ast-hfb-above-header-display":"","ast-hfb-below-header-display":"","ast-hfb-mobile-header-display":"","site-post-title":"","ast-breadcrumbs-content":"","ast-featured-img":"","footer-sml-layout":"","ast-disable-related-posts":"","theme-transparent-header-meta":"default","adv-header-id-meta":"","stick-header-meta":"","header-above-stick-meta":"","header-main-stick-meta":"","header-below-stick-meta":"","astra-migrate-meta-layouts":"default","ast-page-background-enabled":"default","ast-page-background-meta":{"desktop":{"background-color":"var(--ast-global-color-5)","background-image":"","background-repeat":"repeat","background-position":"center center","background-size":"auto","background-attachment":"scroll","background-type":"","background-media":"","overlay-type":"","overlay-color":"","overlay-opacity":"","overlay-gradient":""},"tablet":{"background-color":"","background-image":"","background-repeat":"repeat","background-position":"center center","background-size":"auto","background-attachment":"scroll","background-type":"","background-media":"","overlay-type":"","overlay-color":"","overlay-opacity":"","overlay-gradient":""},"mobile":{"background-color":"","background-image":"","background-repeat":"repeat","background-position":"center center","background-size":"auto","background-attachment":"scroll","background-type":"","background-media":"","overlay-type":"","overlay-color":"","overlay-opacity":"","overlay-gradient":""}},"ast-content-background-meta":{"desktop":{"background-color":"var(--ast-global-color-4)","background-image":"","background-repeat":"repeat","background-position":"center center","background-size":"auto","background-attachment":"scroll","background-type":"","background-media":"","overlay-type":"","overlay-color":"","overlay-opacity":"","overlay-gradient":""},"tablet":{"background-color":"var(--ast-global-color-4)","background-image":"","background-repeat":"repeat","background-position":"center center","background-size":"auto","background-attachment":"scroll","background-type":"","background-media":"","overlay-type":"","overlay-color":"","overlay-opacity":"","overlay-gradient":""},"mobile":{"background-color":"var(--ast-global-color-4)","background-image":"","background-repeat":"repeat","background-position":"center center","background-size":"auto","background-attachment":"scroll","background-type":"","background-media":"","overlay-type":"","overlay-color":"","overlay-opacity":"","overlay-gradient":""}}},"product_brand":[],"product_cat":[59],"product_tag":[],"destinations":[68],"modalidad-del-tour":[],"class_list":{"0":"post-1346","1":"product","2":"type-product","3":"status-publish","4":"has-post-thumbnail","6":"product_cat-camino-inca","7":"destinations-cusco","8":"desktop-align-left","9":"tablet-align-left","10":"mobile-align-left","12":"first","13":"instock","14":"virtual","15":"sold-individually","16":"purchasable","17":"product-type-booking"},"_links":{"self":[{"href":"https:\/\/camstravelperu.com\/es\/wp-json\/wp\/v2\/product\/1346","targetHints":{"allow":["GET"]}}],"collection":[{"href":"https:\/\/camstravelperu.com\/es\/wp-json\/wp\/v2\/product"}],"about":[{"href":"https:\/\/camstravelperu.com\/es\/wp-json\/wp\/v2\/types\/product"}],"replies":[{"embeddable":true,"href":"https:\/\/camstravelperu.com\/es\/wp-json\/wp\/v2\/comments?post=1346"}],"wp:featuredmedia":[{"embeddable":true,"href":"https:\/\/camstravelperu.com\/es\/wp-json\/wp\/v2\/media\/372"}],"wp:attachment":[{"href":"https:\/\/camstravelperu.com\/es\/wp-json\/wp\/v2\/media?parent=1346"}],"wp:term":[{"taxonomy":"product_brand","embeddable":true,"href":"https:\/\/camstravelperu.com\/es\/wp-json\/wp\/v2\/product_brand?post=1346"},{"taxonomy":"product_cat","embeddable":true,"href":"https:\/\/camstravelperu.com\/es\/wp-json\/wp\/v2\/product_cat?post=1346"},{"taxonomy":"product_tag","embeddable":true,"href":"https:\/\/camstravelperu.com\/es\/wp-json\/wp\/v2\/product_tag?post=1346"},{"taxonomy":"destinations","embeddable":true,"href":"https:\/\/camstravelperu.com\/es\/wp-json\/wp\/v2\/destinations?post=1346"},{"taxonomy":"modalidad-del-tour","embeddable":true,"href":"https:\/\/camstravelperu.com\/es\/wp-json\/wp\/v2\/modalidad-del-tour?post=1346"}],"curies":[{"name":"wp","href":"https:\/\/api.w.org\/{rel}","templated":true}]}}