{"id":1320,"date":"2026-02-18T10:18:19","date_gmt":"2026-02-18T15:18:19","guid":{"rendered":"https:\/\/camstravelperu.com\/tour\/cusco-city-tour\/"},"modified":"2026-03-18T23:11:19","modified_gmt":"2026-03-19T04:11:19","slug":"cusco-city-tour","status":"publish","type":"product","link":"https:\/\/camstravelperu.com\/es\/tour\/cusco-city-tour\/","title":{"rendered":"Cusco City Tour"},"content":{"rendered":"<p data-start=\"23\" data-end=\"338\">El tour de medio d\u00eda por la ciudad de Cusco es la introducci\u00f3n perfecta a la hist\u00f3rica capital del Imperio Inca. Ubicada en los Andes, Cusco es Patrimonio de la Humanidad de la UNESCO y es conocida por su impresionante arquitectura colonial y sus construcciones de piedra inca. <\/p>\n<p data-start=\"340\" data-end=\"583\">Durante esta experiencia guiada, explorar\u00e1 los monumentos hist\u00f3ricos m\u00e1s importantes de la ciudad y los sitios arqueol\u00f3gicos cercanos, mientras aprende sobre el legado de la civilizaci\u00f3n inca y la transformaci\u00f3n de Cusco despu\u00e9s de la conquista espa\u00f1ola.<\/p>\n<p data-section-id=\"o43lvb\" data-start=\"590\" data-end=\"615\"><strong>Itinerario resumido:<\/strong><\/p>\n<p style=\"text-align: center;\" data-start=\"617\" data-end=\"1086\" data-is-last-node=\"\" data-is-only-node=\"\"><strong data-start=\"617\" data-end=\"635\">Tour de Medio D\u00eda:<\/strong> Cusco** \u2013 Qorikancha \u2013 Sacsayhuam\u00e1n \u2013 Q&#8217;enqo \u2013 Puka Pukara \u2013 Tambomachay \u2013 Cusco.<\/p>\n<p data-start=\"617\" data-end=\"1086\" data-is-last-node=\"\" data-is-only-node=\"\">Visite el Templo del Sol (Qorikancha) y varios sitios arqueol\u00f3gicos incas cercanos mientras aprende sobre su significado hist\u00f3rico y cultural antes de regresar a la ciudad.<\/p>\n","protected":false},"excerpt":{"rendered":"<p>El tour de medio d\u00eda por la ciudad de Cusco es la introducci\u00f3n perfecta a la hist\u00f3rica capital del Imperio [&hellip;]<\/p>\n","protected":false},"featured_media":501,"comment_status":"open","ping_status":"closed","template":"","meta":{"site-sidebar-layout":"default","site-content-layout":"","ast-site-content-layout":"default","site-content-style":"default","site-sidebar-style":"default","ast-global-header-display":"","ast-banner-title-visibility":"","ast-main-header-display":"","ast-hfb-above-header-display":"","ast-hfb-below-header-display":"","ast-hfb-mobile-header-display":"","site-post-title":"","ast-breadcrumbs-content":"","ast-featured-img":"","footer-sml-layout":"","ast-disable-related-posts":"","theme-transparent-header-meta":"default","adv-header-id-meta":"","stick-header-meta":"","header-above-stick-meta":"","header-main-stick-meta":"","header-below-stick-meta":"","astra-migrate-meta-layouts":"default","ast-page-background-enabled":"default","ast-page-background-meta":{"desktop":{"background-color":"var(--ast-global-color-5)","background-image":"","background-repeat":"repeat","background-position":"center center","background-size":"auto","background-attachment":"scroll","background-type":"","background-media":"","overlay-type":"","overlay-color":"","overlay-opacity":"","overlay-gradient":""},"tablet":{"background-color":"","background-image":"","background-repeat":"repeat","background-position":"center center","background-size":"auto","background-attachment":"scroll","background-type":"","background-media":"","overlay-type":"","overlay-color":"","overlay-opacity":"","overlay-gradient":""},"mobile":{"background-color":"","background-image":"","background-repeat":"repeat","background-position":"center center","background-size":"auto","background-attachment":"scroll","background-type":"","background-media":"","overlay-type":"","overlay-color":"","overlay-opacity":"","overlay-gradient":""}},"ast-content-background-meta":{"desktop":{"background-color":"var(--ast-global-color-4)","background-image":"","background-repeat":"repeat","background-position":"center center","background-size":"auto","background-attachment":"scroll","background-type":"","background-media":"","overlay-type":"","overlay-color":"","overlay-opacity":"","overlay-gradient":""},"tablet":{"background-color":"var(--ast-global-color-4)","background-image":"","background-repeat":"repeat","background-position":"center center","background-size":"auto","background-attachment":"scroll","background-type":"","background-media":"","overlay-type":"","overlay-color":"","overlay-opacity":"","overlay-gradient":""},"mobile":{"background-color":"var(--ast-global-color-4)","background-image":"","background-repeat":"repeat","background-position":"center center","background-size":"auto","background-attachment":"scroll","background-type":"","background-media":"","overlay-type":"","overlay-color":"","overlay-opacity":"","overlay-gradient":""}}},"product_brand":[],"product_cat":[53],"product_tag":[],"destinations":[68],"modalidad-del-tour":[],"class_list":{"0":"post-1320","1":"product","2":"type-product","3":"status-publish","4":"has-post-thumbnail","6":"product_cat-tours-de-un-dia","7":"destinations-cusco","8":"desktop-align-left","9":"tablet-align-left","10":"mobile-align-left","12":"first","13":"instock","14":"virtual","15":"sold-individually","16":"purchasable","17":"product-type-booking"},"_links":{"self":[{"href":"https:\/\/camstravelperu.com\/es\/wp-json\/wp\/v2\/product\/1320","targetHints":{"allow":["GET"]}}],"collection":[{"href":"https:\/\/camstravelperu.com\/es\/wp-json\/wp\/v2\/product"}],"about":[{"href":"https:\/\/camstravelperu.com\/es\/wp-json\/wp\/v2\/types\/product"}],"replies":[{"embeddable":true,"href":"https:\/\/camstravelperu.com\/es\/wp-json\/wp\/v2\/comments?post=1320"}],"wp:featuredmedia":[{"embeddable":true,"href":"https:\/\/camstravelperu.com\/es\/wp-json\/wp\/v2\/media\/501"}],"wp:attachment":[{"href":"https:\/\/camstravelperu.com\/es\/wp-json\/wp\/v2\/media?parent=1320"}],"wp:term":[{"taxonomy":"product_brand","embeddable":true,"href":"https:\/\/camstravelperu.com\/es\/wp-json\/wp\/v2\/product_brand?post=1320"},{"taxonomy":"product_cat","embeddable":true,"href":"https:\/\/camstravelperu.com\/es\/wp-json\/wp\/v2\/product_cat?post=1320"},{"taxonomy":"product_tag","embeddable":true,"href":"https:\/\/camstravelperu.com\/es\/wp-json\/wp\/v2\/product_tag?post=1320"},{"taxonomy":"destinations","embeddable":true,"href":"https:\/\/camstravelperu.com\/es\/wp-json\/wp\/v2\/destinations?post=1320"},{"taxonomy":"modalidad-del-tour","embeddable":true,"href":"https:\/\/camstravelperu.com\/es\/wp-json\/wp\/v2\/modalidad-del-tour?post=1320"}],"curies":[{"name":"wp","href":"https:\/\/api.w.org\/{rel}","templated":true}]}}