{"id":1312,"date":"2026-02-18T10:31:16","date_gmt":"2026-02-18T15:31:16","guid":{"rendered":"https:\/\/camstravelperu.com\/tour\/laguna-humantay\/"},"modified":"2026-02-18T10:31:16","modified_gmt":"2026-02-18T15:31:16","slug":"laguna-humantay","status":"publish","type":"product","link":"https:\/\/camstravelperu.com\/es\/tour\/laguna-humantay\/","title":{"rendered":"Laguna Humantay"},"content":{"rendered":"<p data-start=\"23\" data-end=\"363\">La excursi\u00f3n al lago Humantay es una de las experiencias naturales m\u00e1s espectaculares de los Andes peruanos. Ubicado cerca de Cusco, el impresionante lago Humantay es famoso por sus aguas de un brillante color turquesa, formadas por los glaciares del cerro Humantay. <\/p>\n<p data-start=\"365\" data-end=\"545\">Esta aventura combina un pintoresco recorrido por los valles andinos con una caminata moderada hasta el lago, ofreciendo vistas impresionantes de picos nevados y paisajes monta\u00f1osos v\u00edrgenes.<\/p>\n<p data-section-id=\"o43lvb\" data-start=\"552\" data-end=\"577\"><strong>Itinerario resumido:<\/strong><\/p>\n<p style=\"text-align: center;\" data-start=\"579\" data-end=\"1027\" data-is-last-node=\"\" data-is-only-node=\"\">Tour d\u00eda completo: Cusco \u2013 Mollepata \u2013 Laguna Humantay \u2013 Cusco.<\/p>\n<p data-start=\"579\" data-end=\"1027\" data-is-last-node=\"\" data-is-only-node=\"\">Salida temprano por la ma\u00f1ana desde Cusco hacia el pueblo de Mollepata, seguida de un recorrido panor\u00e1mico hasta el inicio del sendero. Comienza una caminata por los Andes hasta llegar al lago Humantay, donde tendr\u00e1s tiempo para admirar sus aguas turquesas y los glaciares circundantes antes de regresar a Cusco por la tarde. <\/p>\n","protected":false},"excerpt":{"rendered":"<p>La excursi\u00f3n al lago Humantay es una de las experiencias naturales m\u00e1s espectaculares de los Andes peruanos. Ubicado cerca de [&hellip;]<\/p>\n","protected":false},"featured_media":636,"comment_status":"open","ping_status":"closed","template":"","meta":{"site-sidebar-layout":"default","site-content-layout":"","ast-site-content-layout":"default","site-content-style":"default","site-sidebar-style":"default","ast-global-header-display":"","ast-banner-title-visibility":"","ast-main-header-display":"","ast-hfb-above-header-display":"","ast-hfb-below-header-display":"","ast-hfb-mobile-header-display":"","site-post-title":"","ast-breadcrumbs-content":"","ast-featured-img":"","footer-sml-layout":"","ast-disable-related-posts":"","theme-transparent-header-meta":"default","adv-header-id-meta":"","stick-header-meta":"","header-above-stick-meta":"","header-main-stick-meta":"","header-below-stick-meta":"","astra-migrate-meta-layouts":"default","ast-page-background-enabled":"default","ast-page-background-meta":{"desktop":{"background-color":"var(--ast-global-color-5)","background-image":"","background-repeat":"repeat","background-position":"center center","background-size":"auto","background-attachment":"scroll","background-type":"","background-media":"","overlay-type":"","overlay-color":"","overlay-opacity":"","overlay-gradient":""},"tablet":{"background-color":"","background-image":"","background-repeat":"repeat","background-position":"center center","background-size":"auto","background-attachment":"scroll","background-type":"","background-media":"","overlay-type":"","overlay-color":"","overlay-opacity":"","overlay-gradient":""},"mobile":{"background-color":"","background-image":"","background-repeat":"repeat","background-position":"center center","background-size":"auto","background-attachment":"scroll","background-type":"","background-media":"","overlay-type":"","overlay-color":"","overlay-opacity":"","overlay-gradient":""}},"ast-content-background-meta":{"desktop":{"background-color":"var(--ast-global-color-4)","background-image":"","background-repeat":"repeat","background-position":"center center","background-size":"auto","background-attachment":"scroll","background-type":"","background-media":"","overlay-type":"","overlay-color":"","overlay-opacity":"","overlay-gradient":""},"tablet":{"background-color":"var(--ast-global-color-4)","background-image":"","background-repeat":"repeat","background-position":"center center","background-size":"auto","background-attachment":"scroll","background-type":"","background-media":"","overlay-type":"","overlay-color":"","overlay-opacity":"","overlay-gradient":""},"mobile":{"background-color":"var(--ast-global-color-4)","background-image":"","background-repeat":"repeat","background-position":"center center","background-size":"auto","background-attachment":"scroll","background-type":"","background-media":"","overlay-type":"","overlay-color":"","overlay-opacity":"","overlay-gradient":""}}},"product_brand":[],"product_cat":[53],"product_tag":[],"destinations":[68],"modalidad-del-tour":[],"class_list":{"0":"post-1312","1":"product","2":"type-product","3":"status-publish","4":"has-post-thumbnail","6":"product_cat-tours-de-un-dia","7":"destinations-cusco","8":"desktop-align-left","9":"tablet-align-left","10":"mobile-align-left","12":"first","13":"instock","14":"virtual","15":"sold-individually","16":"purchasable","17":"product-type-booking"},"_links":{"self":[{"href":"https:\/\/camstravelperu.com\/es\/wp-json\/wp\/v2\/product\/1312","targetHints":{"allow":["GET"]}}],"collection":[{"href":"https:\/\/camstravelperu.com\/es\/wp-json\/wp\/v2\/product"}],"about":[{"href":"https:\/\/camstravelperu.com\/es\/wp-json\/wp\/v2\/types\/product"}],"replies":[{"embeddable":true,"href":"https:\/\/camstravelperu.com\/es\/wp-json\/wp\/v2\/comments?post=1312"}],"wp:featuredmedia":[{"embeddable":true,"href":"https:\/\/camstravelperu.com\/es\/wp-json\/wp\/v2\/media\/636"}],"wp:attachment":[{"href":"https:\/\/camstravelperu.com\/es\/wp-json\/wp\/v2\/media?parent=1312"}],"wp:term":[{"taxonomy":"product_brand","embeddable":true,"href":"https:\/\/camstravelperu.com\/es\/wp-json\/wp\/v2\/product_brand?post=1312"},{"taxonomy":"product_cat","embeddable":true,"href":"https:\/\/camstravelperu.com\/es\/wp-json\/wp\/v2\/product_cat?post=1312"},{"taxonomy":"product_tag","embeddable":true,"href":"https:\/\/camstravelperu.com\/es\/wp-json\/wp\/v2\/product_tag?post=1312"},{"taxonomy":"destinations","embeddable":true,"href":"https:\/\/camstravelperu.com\/es\/wp-json\/wp\/v2\/destinations?post=1312"},{"taxonomy":"modalidad-del-tour","embeddable":true,"href":"https:\/\/camstravelperu.com\/es\/wp-json\/wp\/v2\/modalidad-del-tour?post=1312"}],"curies":[{"name":"wp","href":"https:\/\/api.w.org\/{rel}","templated":true}]}}