{"id":1308,"date":"2026-02-18T10:36:30","date_gmt":"2026-02-18T15:36:30","guid":{"rendered":"https:\/\/camstravelperu.com\/tour\/montana-arcoiris-de-vinicunca\/"},"modified":"2026-02-18T10:36:30","modified_gmt":"2026-02-18T15:36:30","slug":"montana-arcoiris-de-vinicunca","status":"publish","type":"product","link":"https:\/\/camstravelperu.com\/es\/tour\/montana-arcoiris-de-vinicunca\/","title":{"rendered":"Monta\u00f1a Arco\u00edris de Vinicunca"},"content":{"rendered":"<p data-start=\"23\" data-end=\"391\">La excursi\u00f3n a la Monta\u00f1a Arco\u00edris de Vinicunca es una de las aventuras de altura m\u00e1s famosas de Per\u00fa. Ubicada en los Andes, cerca de Cusco, la Monta\u00f1a Arco\u00edris de Vinicunca, tambi\u00e9n conocida como la Monta\u00f1a de los Siete Colores, es famosa por sus llamativas capas de rojo, amarillo, turquesa y naranja formadas por dep\u00f3sitos minerales naturales. <\/p>\n<p data-start=\"393\" data-end=\"580\">Esta excursi\u00f3n ofrece impresionantes vistas panor\u00e1micas de los Andes, oportunidades para ver llamas y alpacas, y una experiencia inolvidable en uno de los paisajes monta\u00f1osos m\u00e1s espectaculares del Per\u00fa.<\/p>\n<p data-section-id=\"o43lvb\" data-start=\"587\" data-end=\"612\"><strong>Itinerario resumido:<\/strong><\/p>\n<p style=\"text-align: center;\" data-start=\"614\" data-end=\"1063\" data-is-last-node=\"\" data-is-only-node=\"\"><strong data-start=\"614\" data-end=\"632\">Tour de d\u00eda completo: <\/strong>Cusco \u2013 Cusipata \u2013 Monta\u00f1a Arco\u00edris de Vinicunca \u2013 Cusco.<\/p>\n<p data-start=\"614\" data-end=\"1063\" data-is-last-node=\"\" data-is-only-node=\"\">Salida temprano por la ma\u00f1ana desde Cusco hacia el pueblo de Cusipata, seguido de un traslado en coche hasta el inicio del sendero. Comienza la caminata a trav\u00e9s de pintorescos valles andinos hasta llegar al mirador de la Monta\u00f1a Arco\u00edris de Vinicunca, donde podr\u00e1s admirar el colorido paisaje antes de regresar a Cusco por la tarde. <\/p>\n","protected":false},"excerpt":{"rendered":"<p>La excursi\u00f3n a la Monta\u00f1a Arco\u00edris de Vinicunca es una de las aventuras de altura m\u00e1s famosas de Per\u00fa. Ubicada [&hellip;]<\/p>\n","protected":false},"featured_media":643,"comment_status":"open","ping_status":"closed","template":"","meta":{"site-sidebar-layout":"default","site-content-layout":"","ast-site-content-layout":"default","site-content-style":"default","site-sidebar-style":"default","ast-global-header-display":"","ast-banner-title-visibility":"","ast-main-header-display":"","ast-hfb-above-header-display":"","ast-hfb-below-header-display":"","ast-hfb-mobile-header-display":"","site-post-title":"","ast-breadcrumbs-content":"","ast-featured-img":"","footer-sml-layout":"","ast-disable-related-posts":"","theme-transparent-header-meta":"default","adv-header-id-meta":"","stick-header-meta":"","header-above-stick-meta":"","header-main-stick-meta":"","header-below-stick-meta":"","astra-migrate-meta-layouts":"default","ast-page-background-enabled":"default","ast-page-background-meta":{"desktop":{"background-color":"var(--ast-global-color-5)","background-image":"","background-repeat":"repeat","background-position":"center center","background-size":"auto","background-attachment":"scroll","background-type":"","background-media":"","overlay-type":"","overlay-color":"","overlay-opacity":"","overlay-gradient":""},"tablet":{"background-color":"","background-image":"","background-repeat":"repeat","background-position":"center center","background-size":"auto","background-attachment":"scroll","background-type":"","background-media":"","overlay-type":"","overlay-color":"","overlay-opacity":"","overlay-gradient":""},"mobile":{"background-color":"","background-image":"","background-repeat":"repeat","background-position":"center center","background-size":"auto","background-attachment":"scroll","background-type":"","background-media":"","overlay-type":"","overlay-color":"","overlay-opacity":"","overlay-gradient":""}},"ast-content-background-meta":{"desktop":{"background-color":"var(--ast-global-color-4)","background-image":"","background-repeat":"repeat","background-position":"center center","background-size":"auto","background-attachment":"scroll","background-type":"","background-media":"","overlay-type":"","overlay-color":"","overlay-opacity":"","overlay-gradient":""},"tablet":{"background-color":"var(--ast-global-color-4)","background-image":"","background-repeat":"repeat","background-position":"center center","background-size":"auto","background-attachment":"scroll","background-type":"","background-media":"","overlay-type":"","overlay-color":"","overlay-opacity":"","overlay-gradient":""},"mobile":{"background-color":"var(--ast-global-color-4)","background-image":"","background-repeat":"repeat","background-position":"center center","background-size":"auto","background-attachment":"scroll","background-type":"","background-media":"","overlay-type":"","overlay-color":"","overlay-opacity":"","overlay-gradient":""}}},"product_brand":[],"product_cat":[53],"product_tag":[],"destinations":[68],"modalidad-del-tour":[],"class_list":{"0":"post-1308","1":"product","2":"type-product","3":"status-publish","4":"has-post-thumbnail","6":"product_cat-tours-de-un-dia","7":"destinations-cusco","8":"desktop-align-left","9":"tablet-align-left","10":"mobile-align-left","12":"first","13":"instock","14":"virtual","15":"sold-individually","16":"purchasable","17":"product-type-booking"},"_links":{"self":[{"href":"https:\/\/camstravelperu.com\/es\/wp-json\/wp\/v2\/product\/1308","targetHints":{"allow":["GET"]}}],"collection":[{"href":"https:\/\/camstravelperu.com\/es\/wp-json\/wp\/v2\/product"}],"about":[{"href":"https:\/\/camstravelperu.com\/es\/wp-json\/wp\/v2\/types\/product"}],"replies":[{"embeddable":true,"href":"https:\/\/camstravelperu.com\/es\/wp-json\/wp\/v2\/comments?post=1308"}],"wp:featuredmedia":[{"embeddable":true,"href":"https:\/\/camstravelperu.com\/es\/wp-json\/wp\/v2\/media\/643"}],"wp:attachment":[{"href":"https:\/\/camstravelperu.com\/es\/wp-json\/wp\/v2\/media?parent=1308"}],"wp:term":[{"taxonomy":"product_brand","embeddable":true,"href":"https:\/\/camstravelperu.com\/es\/wp-json\/wp\/v2\/product_brand?post=1308"},{"taxonomy":"product_cat","embeddable":true,"href":"https:\/\/camstravelperu.com\/es\/wp-json\/wp\/v2\/product_cat?post=1308"},{"taxonomy":"product_tag","embeddable":true,"href":"https:\/\/camstravelperu.com\/es\/wp-json\/wp\/v2\/product_tag?post=1308"},{"taxonomy":"destinations","embeddable":true,"href":"https:\/\/camstravelperu.com\/es\/wp-json\/wp\/v2\/destinations?post=1308"},{"taxonomy":"modalidad-del-tour","embeddable":true,"href":"https:\/\/camstravelperu.com\/es\/wp-json\/wp\/v2\/modalidad-del-tour?post=1308"}],"curies":[{"name":"wp","href":"https:\/\/api.w.org\/{rel}","templated":true}]}}