{"id":1278,"date":"2026-02-18T15:26:19","date_gmt":"2026-02-18T20:26:19","guid":{"rendered":"https:\/\/camstravelperu.com\/tour\/city-tour-en-arequipa\/"},"modified":"2026-02-18T15:26:19","modified_gmt":"2026-02-18T20:26:19","slug":"city-tour-en-arequipa","status":"publish","type":"product","link":"https:\/\/camstravelperu.com\/es\/tour\/city-tour-en-arequipa\/","title":{"rendered":"City tour en Arequipa"},"content":{"rendered":"<p data-start=\"23\" data-end=\"389\">El tour por la ciudad de Arequipa es una excursi\u00f3n de medio d\u00eda por la \u00abCiudad Blanca\u00bb de Per\u00fa, donde podr\u00e1 explorar la arquitectura de piedra volc\u00e1nica sillar, la hist\u00f3rica Plaza de Armas y el colorido Monasterio de Santa Catalina. Disfrute de vistas panor\u00e1micas de los volcanes circundantes y descubra la herencia colonial, la cultura y la vibrante vida urbana de Arequipa. <\/p>\n<p data-start=\"391\" data-end=\"494\">Ideal para viajeros que buscan historia, arquitectura y paisajes urbanos emblem\u00e1ticos en una experiencia enriquecedora.<\/p>\n<p data-section-id=\"o43lvb\" data-start=\"501\" data-end=\"526\"><strong>Itinerario resumido:<\/strong><\/p>\n<p style=\"text-align: center;\" data-start=\"528\" data-end=\"852\" data-is-last-node=\"\" data-is-only-node=\"\"><strong data-start=\"528\" data-end=\"546\">Tour de medio d\u00eda: <\/strong>Recogida en el hotel \u2013 Plaza de Armas \u2013 Catedral \u2013 Monasterio de Santa Catalina \u2013 Mirador de Yanahuara o Carmen Alto \u2013 Regreso al hotel.<\/p>\n<p data-start=\"528\" data-end=\"852\" data-is-last-node=\"\" data-is-only-node=\"\">Explore el centro hist\u00f3rico de Arequipa, visite sus emblem\u00e1ticos sitios coloniales y religiosos, y disfrute de las impresionantes vistas de los volcanes circundantes antes de regresar a su hotel.<\/p>\n","protected":false},"excerpt":{"rendered":"<p>El tour por la ciudad de Arequipa es una excursi\u00f3n de medio d\u00eda por la \u00abCiudad Blanca\u00bb de Per\u00fa, donde [&hellip;]<\/p>\n","protected":false},"featured_media":536,"comment_status":"open","ping_status":"closed","template":"","meta":{"site-sidebar-layout":"default","site-content-layout":"","ast-site-content-layout":"default","site-content-style":"default","site-sidebar-style":"default","ast-global-header-display":"","ast-banner-title-visibility":"","ast-main-header-display":"","ast-hfb-above-header-display":"","ast-hfb-below-header-display":"","ast-hfb-mobile-header-display":"","site-post-title":"","ast-breadcrumbs-content":"","ast-featured-img":"","footer-sml-layout":"","ast-disable-related-posts":"","theme-transparent-header-meta":"default","adv-header-id-meta":"","stick-header-meta":"","header-above-stick-meta":"","header-main-stick-meta":"","header-below-stick-meta":"","astra-migrate-meta-layouts":"default","ast-page-background-enabled":"default","ast-page-background-meta":{"desktop":{"background-color":"var(--ast-global-color-5)","background-image":"","background-repeat":"repeat","background-position":"center center","background-size":"auto","background-attachment":"scroll","background-type":"","background-media":"","overlay-type":"","overlay-color":"","overlay-opacity":"","overlay-gradient":""},"tablet":{"background-color":"","background-image":"","background-repeat":"repeat","background-position":"center center","background-size":"auto","background-attachment":"scroll","background-type":"","background-media":"","overlay-type":"","overlay-color":"","overlay-opacity":"","overlay-gradient":""},"mobile":{"background-color":"","background-image":"","background-repeat":"repeat","background-position":"center center","background-size":"auto","background-attachment":"scroll","background-type":"","background-media":"","overlay-type":"","overlay-color":"","overlay-opacity":"","overlay-gradient":""}},"ast-content-background-meta":{"desktop":{"background-color":"var(--ast-global-color-4)","background-image":"","background-repeat":"repeat","background-position":"center center","background-size":"auto","background-attachment":"scroll","background-type":"","background-media":"","overlay-type":"","overlay-color":"","overlay-opacity":"","overlay-gradient":""},"tablet":{"background-color":"var(--ast-global-color-4)","background-image":"","background-repeat":"repeat","background-position":"center center","background-size":"auto","background-attachment":"scroll","background-type":"","background-media":"","overlay-type":"","overlay-color":"","overlay-opacity":"","overlay-gradient":""},"mobile":{"background-color":"var(--ast-global-color-4)","background-image":"","background-repeat":"repeat","background-position":"center center","background-size":"auto","background-attachment":"scroll","background-type":"","background-media":"","overlay-type":"","overlay-color":"","overlay-opacity":"","overlay-gradient":""}}},"product_brand":[],"product_cat":[53],"product_tag":[],"destinations":[55],"modalidad-del-tour":[],"class_list":{"0":"post-1278","1":"product","2":"type-product","3":"status-publish","4":"has-post-thumbnail","6":"product_cat-tours-de-un-dia","7":"destinations-arequipa","8":"desktop-align-left","9":"tablet-align-left","10":"mobile-align-left","12":"first","13":"instock","14":"virtual","15":"sold-individually","16":"purchasable","17":"product-type-booking"},"_links":{"self":[{"href":"https:\/\/camstravelperu.com\/es\/wp-json\/wp\/v2\/product\/1278","targetHints":{"allow":["GET"]}}],"collection":[{"href":"https:\/\/camstravelperu.com\/es\/wp-json\/wp\/v2\/product"}],"about":[{"href":"https:\/\/camstravelperu.com\/es\/wp-json\/wp\/v2\/types\/product"}],"replies":[{"embeddable":true,"href":"https:\/\/camstravelperu.com\/es\/wp-json\/wp\/v2\/comments?post=1278"}],"wp:featuredmedia":[{"embeddable":true,"href":"https:\/\/camstravelperu.com\/es\/wp-json\/wp\/v2\/media\/536"}],"wp:attachment":[{"href":"https:\/\/camstravelperu.com\/es\/wp-json\/wp\/v2\/media?parent=1278"}],"wp:term":[{"taxonomy":"product_brand","embeddable":true,"href":"https:\/\/camstravelperu.com\/es\/wp-json\/wp\/v2\/product_brand?post=1278"},{"taxonomy":"product_cat","embeddable":true,"href":"https:\/\/camstravelperu.com\/es\/wp-json\/wp\/v2\/product_cat?post=1278"},{"taxonomy":"product_tag","embeddable":true,"href":"https:\/\/camstravelperu.com\/es\/wp-json\/wp\/v2\/product_tag?post=1278"},{"taxonomy":"destinations","embeddable":true,"href":"https:\/\/camstravelperu.com\/es\/wp-json\/wp\/v2\/destinations?post=1278"},{"taxonomy":"modalidad-del-tour","embeddable":true,"href":"https:\/\/camstravelperu.com\/es\/wp-json\/wp\/v2\/modalidad-del-tour?post=1278"}],"curies":[{"name":"wp","href":"https:\/\/api.w.org\/{rel}","templated":true}]}}