{"id":1248,"date":"2026-02-18T15:34:01","date_gmt":"2026-02-18T20:34:01","guid":{"rendered":"https:\/\/camstravelperu.com\/tour\/tour-al-canon-del-colca-desde-arequipa\/"},"modified":"2026-02-18T15:34:01","modified_gmt":"2026-02-18T20:34:01","slug":"tour-al-canon-del-colca-desde-arequipa","status":"publish","type":"product","link":"https:\/\/camstravelperu.com\/es\/tour\/tour-al-canon-del-colca-desde-arequipa\/","title":{"rendered":"Tour al Ca\u00f1\u00f3n del Colca desde Arequipa"},"content":{"rendered":"<p data-start=\"23\" data-end=\"405\">El tour al Ca\u00f1\u00f3n del Colca es una aventura de d\u00eda completo desde Arequipa a uno de los ca\u00f1ones m\u00e1s profundos del mundo. Explore paisajes espectaculares, pueblos andinos tradicionales y valles aterrazados mientras observa al majestuoso c\u00f3ndor andino en la Cruz del C\u00f3ndor. Disfrute de encuentros culturales, paisajes impresionantes y aguas termales naturales en una experiencia andina inolvidable.  <\/p>\n<p data-start=\"407\" data-end=\"501\">Ideal para viajeros que buscan naturaleza, vida silvestre y cultura local en un \u00fanico viaje de inmersi\u00f3n.<\/p>\n<p data-section-id=\"o43lvb\" data-start=\"508\" data-end=\"533\"><strong>Itinerario resumido:<\/strong><\/p>\n<p data-start=\"535\" data-end=\"912\" data-is-last-node=\"\" data-is-only-node=\"\"><strong data-start=\"535\" data-end=\"553\">Excursi\u00f3n de d\u00eda completo:<\/strong> Salida temprano por la ma\u00f1ana desde Arequipa \u2013 Recorrido panor\u00e1mico por las altas mesetas \u2013 Parada en pueblos tradicionales (Chivay, Yanque, Maca) \u2013 Visita al mirador Cruz del C\u00f3ndor para observar c\u00f3ndores andinos \u2013 Almuerzo en el Valle del Colca \u2013 Opcional: aguas termales \u2013 Regreso a Arequipa por la tarde. Disfrute de impresionantes paisajes andinos, fauna y tradiciones culturales durante todo el d\u00eda. <\/p>\n","protected":false},"excerpt":{"rendered":"<p>El tour al Ca\u00f1\u00f3n del Colca es una aventura de d\u00eda completo desde Arequipa a uno de los ca\u00f1ones m\u00e1s [&hellip;]<\/p>\n","protected":false},"featured_media":545,"comment_status":"open","ping_status":"closed","template":"","meta":{"site-sidebar-layout":"default","site-content-layout":"","ast-site-content-layout":"default","site-content-style":"default","site-sidebar-style":"default","ast-global-header-display":"","ast-banner-title-visibility":"","ast-main-header-display":"","ast-hfb-above-header-display":"","ast-hfb-below-header-display":"","ast-hfb-mobile-header-display":"","site-post-title":"","ast-breadcrumbs-content":"","ast-featured-img":"","footer-sml-layout":"","ast-disable-related-posts":"","theme-transparent-header-meta":"default","adv-header-id-meta":"","stick-header-meta":"","header-above-stick-meta":"","header-main-stick-meta":"","header-below-stick-meta":"","astra-migrate-meta-layouts":"default","ast-page-background-enabled":"default","ast-page-background-meta":{"desktop":{"background-color":"var(--ast-global-color-5)","background-image":"","background-repeat":"repeat","background-position":"center center","background-size":"auto","background-attachment":"scroll","background-type":"","background-media":"","overlay-type":"","overlay-color":"","overlay-opacity":"","overlay-gradient":""},"tablet":{"background-color":"","background-image":"","background-repeat":"repeat","background-position":"center center","background-size":"auto","background-attachment":"scroll","background-type":"","background-media":"","overlay-type":"","overlay-color":"","overlay-opacity":"","overlay-gradient":""},"mobile":{"background-color":"","background-image":"","background-repeat":"repeat","background-position":"center center","background-size":"auto","background-attachment":"scroll","background-type":"","background-media":"","overlay-type":"","overlay-color":"","overlay-opacity":"","overlay-gradient":""}},"ast-content-background-meta":{"desktop":{"background-color":"var(--ast-global-color-4)","background-image":"","background-repeat":"repeat","background-position":"center center","background-size":"auto","background-attachment":"scroll","background-type":"","background-media":"","overlay-type":"","overlay-color":"","overlay-opacity":"","overlay-gradient":""},"tablet":{"background-color":"var(--ast-global-color-4)","background-image":"","background-repeat":"repeat","background-position":"center center","background-size":"auto","background-attachment":"scroll","background-type":"","background-media":"","overlay-type":"","overlay-color":"","overlay-opacity":"","overlay-gradient":""},"mobile":{"background-color":"var(--ast-global-color-4)","background-image":"","background-repeat":"repeat","background-position":"center center","background-size":"auto","background-attachment":"scroll","background-type":"","background-media":"","overlay-type":"","overlay-color":"","overlay-opacity":"","overlay-gradient":""}}},"product_brand":[],"product_cat":[53],"product_tag":[],"destinations":[55],"modalidad-del-tour":[],"class_list":{"0":"post-1248","1":"product","2":"type-product","3":"status-publish","4":"has-post-thumbnail","6":"product_cat-tours-de-un-dia","7":"destinations-arequipa","8":"desktop-align-left","9":"tablet-align-left","10":"mobile-align-left","12":"first","13":"instock","14":"sold-individually","15":"shipping-taxable","16":"purchasable","17":"product-type-booking"},"_links":{"self":[{"href":"https:\/\/camstravelperu.com\/es\/wp-json\/wp\/v2\/product\/1248","targetHints":{"allow":["GET"]}}],"collection":[{"href":"https:\/\/camstravelperu.com\/es\/wp-json\/wp\/v2\/product"}],"about":[{"href":"https:\/\/camstravelperu.com\/es\/wp-json\/wp\/v2\/types\/product"}],"replies":[{"embeddable":true,"href":"https:\/\/camstravelperu.com\/es\/wp-json\/wp\/v2\/comments?post=1248"}],"wp:featuredmedia":[{"embeddable":true,"href":"https:\/\/camstravelperu.com\/es\/wp-json\/wp\/v2\/media\/545"}],"wp:attachment":[{"href":"https:\/\/camstravelperu.com\/es\/wp-json\/wp\/v2\/media?parent=1248"}],"wp:term":[{"taxonomy":"product_brand","embeddable":true,"href":"https:\/\/camstravelperu.com\/es\/wp-json\/wp\/v2\/product_brand?post=1248"},{"taxonomy":"product_cat","embeddable":true,"href":"https:\/\/camstravelperu.com\/es\/wp-json\/wp\/v2\/product_cat?post=1248"},{"taxonomy":"product_tag","embeddable":true,"href":"https:\/\/camstravelperu.com\/es\/wp-json\/wp\/v2\/product_tag?post=1248"},{"taxonomy":"destinations","embeddable":true,"href":"https:\/\/camstravelperu.com\/es\/wp-json\/wp\/v2\/destinations?post=1248"},{"taxonomy":"modalidad-del-tour","embeddable":true,"href":"https:\/\/camstravelperu.com\/es\/wp-json\/wp\/v2\/modalidad-del-tour?post=1248"}],"curies":[{"name":"wp","href":"https:\/\/api.w.org\/{rel}","templated":true}]}}