{"id":1244,"date":"2026-02-18T15:43:21","date_gmt":"2026-02-18T20:43:21","guid":{"rendered":"https:\/\/camstravelperu.com\/tour\/excursion-de-dia-completo-por-la-ruta-de-sillar-y-el-canon-de-culebrillas\/"},"modified":"2026-02-18T15:43:21","modified_gmt":"2026-02-18T20:43:21","slug":"excursion-de-dia-completo-por-la-ruta-de-sillar-y-el-canon-de-culebrillas","status":"publish","type":"product","link":"https:\/\/camstravelperu.com\/es\/tour\/excursion-de-dia-completo-por-la-ruta-de-sillar-y-el-canon-de-culebrillas\/","title":{"rendered":"Excursi\u00f3n de d\u00eda completo por la ruta de Sillar y el ca\u00f1\u00f3n de Culebrillas"},"content":{"rendered":"<p data-start=\"23\" data-end=\"376\">La Ruta del Sillar y Culebrillas es una aventura de d\u00eda completo para explorar el patrimonio volc\u00e1nico de Arequipa. Visite antiguas canteras de sillar, admire la artesan\u00eda en piedra y descubra el impresionante Ca\u00f1\u00f3n de Culebrillas con sus misteriosos petroglifos. Este recorrido fuera de las rutas tur\u00edsticas habituales combina geolog\u00eda, cultura y senderismo ligero para una experiencia andina \u00fanica.  <\/p>\n<p data-start=\"378\" data-end=\"477\">Ideal para viajeros que buscan naturaleza, fotograf\u00eda e historia local en un \u00fanico viaje de inmersi\u00f3n.<\/p>\n<p data-section-id=\"o43lvb\" data-start=\"484\" data-end=\"509\"><strong>Itinerario resumido:<\/strong><\/p>\n<p data-start=\"511\" data-end=\"891\" data-is-last-node=\"\" data-is-only-node=\"\"><strong data-start=\"511\" data-end=\"529\">Excursi\u00f3n de d\u00eda completo<\/strong>: Salida por la ma\u00f1ana desde Arequipa \u2013 Visita a las tradicionales canteras de sillar y talleres artesanales \u2013 Aprende sobre la extracci\u00f3n de piedra volc\u00e1nica y la arquitectura \u2013 Explora el sinuoso Ca\u00f1\u00f3n de Culebrillas con sus petroglifos \u2013 Senderismo ligero y oportunidades para tomar fotograf\u00edas \u2013 Regreso a Arequipa por la tarde. Disfruta de paisajes volc\u00e1nicos, cultura e historia durante todo el d\u00eda. <\/p>\n","protected":false},"excerpt":{"rendered":"<p>La Ruta del Sillar y Culebrillas es una aventura de d\u00eda completo para explorar el patrimonio volc\u00e1nico de Arequipa. Visite [&hellip;]<\/p>\n","protected":false},"featured_media":554,"comment_status":"open","ping_status":"closed","template":"","meta":{"site-sidebar-layout":"default","site-content-layout":"","ast-site-content-layout":"default","site-content-style":"default","site-sidebar-style":"default","ast-global-header-display":"","ast-banner-title-visibility":"","ast-main-header-display":"","ast-hfb-above-header-display":"","ast-hfb-below-header-display":"","ast-hfb-mobile-header-display":"","site-post-title":"","ast-breadcrumbs-content":"","ast-featured-img":"","footer-sml-layout":"","ast-disable-related-posts":"","theme-transparent-header-meta":"default","adv-header-id-meta":"","stick-header-meta":"","header-above-stick-meta":"","header-main-stick-meta":"","header-below-stick-meta":"","astra-migrate-meta-layouts":"default","ast-page-background-enabled":"default","ast-page-background-meta":{"desktop":{"background-color":"var(--ast-global-color-5)","background-image":"","background-repeat":"repeat","background-position":"center center","background-size":"auto","background-attachment":"scroll","background-type":"","background-media":"","overlay-type":"","overlay-color":"","overlay-opacity":"","overlay-gradient":""},"tablet":{"background-color":"","background-image":"","background-repeat":"repeat","background-position":"center center","background-size":"auto","background-attachment":"scroll","background-type":"","background-media":"","overlay-type":"","overlay-color":"","overlay-opacity":"","overlay-gradient":""},"mobile":{"background-color":"","background-image":"","background-repeat":"repeat","background-position":"center center","background-size":"auto","background-attachment":"scroll","background-type":"","background-media":"","overlay-type":"","overlay-color":"","overlay-opacity":"","overlay-gradient":""}},"ast-content-background-meta":{"desktop":{"background-color":"var(--ast-global-color-4)","background-image":"","background-repeat":"repeat","background-position":"center center","background-size":"auto","background-attachment":"scroll","background-type":"","background-media":"","overlay-type":"","overlay-color":"","overlay-opacity":"","overlay-gradient":""},"tablet":{"background-color":"var(--ast-global-color-4)","background-image":"","background-repeat":"repeat","background-position":"center center","background-size":"auto","background-attachment":"scroll","background-type":"","background-media":"","overlay-type":"","overlay-color":"","overlay-opacity":"","overlay-gradient":""},"mobile":{"background-color":"var(--ast-global-color-4)","background-image":"","background-repeat":"repeat","background-position":"center center","background-size":"auto","background-attachment":"scroll","background-type":"","background-media":"","overlay-type":"","overlay-color":"","overlay-opacity":"","overlay-gradient":""}}},"product_brand":[],"product_cat":[53],"product_tag":[],"destinations":[55],"modalidad-del-tour":[],"class_list":{"0":"post-1244","1":"product","2":"type-product","3":"status-publish","4":"has-post-thumbnail","6":"product_cat-tours-de-un-dia","7":"destinations-arequipa","8":"desktop-align-left","9":"tablet-align-left","10":"mobile-align-left","12":"first","13":"instock","14":"sold-individually","15":"shipping-taxable","16":"purchasable","17":"product-type-booking"},"_links":{"self":[{"href":"https:\/\/camstravelperu.com\/es\/wp-json\/wp\/v2\/product\/1244","targetHints":{"allow":["GET"]}}],"collection":[{"href":"https:\/\/camstravelperu.com\/es\/wp-json\/wp\/v2\/product"}],"about":[{"href":"https:\/\/camstravelperu.com\/es\/wp-json\/wp\/v2\/types\/product"}],"replies":[{"embeddable":true,"href":"https:\/\/camstravelperu.com\/es\/wp-json\/wp\/v2\/comments?post=1244"}],"wp:featuredmedia":[{"embeddable":true,"href":"https:\/\/camstravelperu.com\/es\/wp-json\/wp\/v2\/media\/554"}],"wp:attachment":[{"href":"https:\/\/camstravelperu.com\/es\/wp-json\/wp\/v2\/media?parent=1244"}],"wp:term":[{"taxonomy":"product_brand","embeddable":true,"href":"https:\/\/camstravelperu.com\/es\/wp-json\/wp\/v2\/product_brand?post=1244"},{"taxonomy":"product_cat","embeddable":true,"href":"https:\/\/camstravelperu.com\/es\/wp-json\/wp\/v2\/product_cat?post=1244"},{"taxonomy":"product_tag","embeddable":true,"href":"https:\/\/camstravelperu.com\/es\/wp-json\/wp\/v2\/product_tag?post=1244"},{"taxonomy":"destinations","embeddable":true,"href":"https:\/\/camstravelperu.com\/es\/wp-json\/wp\/v2\/destinations?post=1244"},{"taxonomy":"modalidad-del-tour","embeddable":true,"href":"https:\/\/camstravelperu.com\/es\/wp-json\/wp\/v2\/modalidad-del-tour?post=1244"}],"curies":[{"name":"wp","href":"https:\/\/api.w.org\/{rel}","templated":true}]}}