{"id":1087,"date":"2026-02-18T15:49:36","date_gmt":"2026-02-18T20:49:36","guid":{"rendered":"https:\/\/camstravelperu.com\/tour\/salinas-salt-lake-dia-completo\/"},"modified":"2026-03-16T16:55:22","modified_gmt":"2026-03-16T21:55:22","slug":"salinas-salt-lake-dia-completo","status":"publish","type":"product","link":"https:\/\/camstravelperu.com\/es\/tour\/salinas-salt-lake-dia-completo\/","title":{"rendered":"Salinas Salt Lake D\u00eda completo"},"content":{"rendered":"<p data-start=\"23\" data-end=\"363\">La excursi\u00f3n de d\u00eda completo al lago salado de Salinas es una aventura de d\u00eda completo a las impresionantes tierras altas cerca de Arequipa. Explora las vastas salinas de Laguna de Salinas, rodeadas de volcanes, y encuentra vicu\u00f1as salvajes, llamas, alpacas y aves andinas. Este tour ofrece oportunidades \u00fanicas para tomar fotograf\u00edas y una experiencia tranquila a gran altitud.<\/p>\n<p data-start=\"365\" data-end=\"470\">Ideal para amantes de la naturaleza, fot\u00f3grafos y viajeros que buscan paisajes andinos aut\u00e9nticos y fauna salvaje.<\/p>\n<p data-section-id=\"o43lvb\" data-start=\"477\" data-end=\"502\"><strong>Itinerario resumido:<\/strong><\/p>\n<p data-start=\"504\" data-end=\"1003\" data-is-last-node=\"\" data-is-only-node=\"\"><strong data-start=\"504\" data-end=\"522\">Excursi\u00f3n de d\u00eda completo:<\/strong> Salida por la ma\u00f1ana desde Arequipa \u2013 Viaje a trav\u00e9s de las tierras altas andinas y la Reserva Nacional Salinas y Aguada Blanca \u2013 Disfrute de vistas panor\u00e1micas de los volcanes Misti, Chachani y Pichu Pichu \u2013 Explore la Laguna de Salinas con sus salares y reflejos estacionales \u2013 Observe vicu\u00f1as, llamas, alpacas y flamencos \u2013 Paradas para tomar fotograf\u00edas y miradores panor\u00e1micos \u2013 Regreso a Arequipa por la noche. Disfrute de paisajes de alta monta\u00f1a, fauna salvaje y la serena belleza andina durante todo el d\u00eda.<\/p>\n","protected":false},"excerpt":{"rendered":"<p>La excursi\u00f3n de d\u00eda completo al lago salado de Salinas es una aventura de d\u00eda completo a las impresionantes tierras [&hellip;]<\/p>\n","protected":false},"featured_media":557,"comment_status":"open","ping_status":"closed","template":"","meta":{"site-sidebar-layout":"default","site-content-layout":"","ast-site-content-layout":"default","site-content-style":"default","site-sidebar-style":"default","ast-global-header-display":"","ast-banner-title-visibility":"","ast-main-header-display":"","ast-hfb-above-header-display":"","ast-hfb-below-header-display":"","ast-hfb-mobile-header-display":"","site-post-title":"","ast-breadcrumbs-content":"","ast-featured-img":"","footer-sml-layout":"","ast-disable-related-posts":"","theme-transparent-header-meta":"default","adv-header-id-meta":"","stick-header-meta":"","header-above-stick-meta":"","header-main-stick-meta":"","header-below-stick-meta":"","astra-migrate-meta-layouts":"default","ast-page-background-enabled":"default","ast-page-background-meta":{"desktop":{"background-color":"var(--ast-global-color-5)","background-image":"","background-repeat":"repeat","background-position":"center center","background-size":"auto","background-attachment":"scroll","background-type":"","background-media":"","overlay-type":"","overlay-color":"","overlay-opacity":"","overlay-gradient":""},"tablet":{"background-color":"","background-image":"","background-repeat":"repeat","background-position":"center center","background-size":"auto","background-attachment":"scroll","background-type":"","background-media":"","overlay-type":"","overlay-color":"","overlay-opacity":"","overlay-gradient":""},"mobile":{"background-color":"","background-image":"","background-repeat":"repeat","background-position":"center center","background-size":"auto","background-attachment":"scroll","background-type":"","background-media":"","overlay-type":"","overlay-color":"","overlay-opacity":"","overlay-gradient":""}},"ast-content-background-meta":{"desktop":{"background-color":"var(--ast-global-color-4)","background-image":"","background-repeat":"repeat","background-position":"center center","background-size":"auto","background-attachment":"scroll","background-type":"","background-media":"","overlay-type":"","overlay-color":"","overlay-opacity":"","overlay-gradient":""},"tablet":{"background-color":"var(--ast-global-color-4)","background-image":"","background-repeat":"repeat","background-position":"center center","background-size":"auto","background-attachment":"scroll","background-type":"","background-media":"","overlay-type":"","overlay-color":"","overlay-opacity":"","overlay-gradient":""},"mobile":{"background-color":"var(--ast-global-color-4)","background-image":"","background-repeat":"repeat","background-position":"center center","background-size":"auto","background-attachment":"scroll","background-type":"","background-media":"","overlay-type":"","overlay-color":"","overlay-opacity":"","overlay-gradient":""}}},"product_brand":[],"product_cat":[53],"product_tag":[],"destinations":[55],"modalidad-del-tour":[],"class_list":{"0":"post-1087","1":"product","2":"type-product","3":"status-publish","4":"has-post-thumbnail","6":"product_cat-tours-de-un-dia","7":"destinations-arequipa","8":"desktop-align-left","9":"tablet-align-left","10":"mobile-align-left","12":"first","13":"instock","14":"virtual","15":"sold-individually","16":"purchasable","17":"product-type-booking"},"_links":{"self":[{"href":"https:\/\/camstravelperu.com\/es\/wp-json\/wp\/v2\/product\/1087","targetHints":{"allow":["GET"]}}],"collection":[{"href":"https:\/\/camstravelperu.com\/es\/wp-json\/wp\/v2\/product"}],"about":[{"href":"https:\/\/camstravelperu.com\/es\/wp-json\/wp\/v2\/types\/product"}],"replies":[{"embeddable":true,"href":"https:\/\/camstravelperu.com\/es\/wp-json\/wp\/v2\/comments?post=1087"}],"wp:featuredmedia":[{"embeddable":true,"href":"https:\/\/camstravelperu.com\/es\/wp-json\/wp\/v2\/media\/557"}],"wp:attachment":[{"href":"https:\/\/camstravelperu.com\/es\/wp-json\/wp\/v2\/media?parent=1087"}],"wp:term":[{"taxonomy":"product_brand","embeddable":true,"href":"https:\/\/camstravelperu.com\/es\/wp-json\/wp\/v2\/product_brand?post=1087"},{"taxonomy":"product_cat","embeddable":true,"href":"https:\/\/camstravelperu.com\/es\/wp-json\/wp\/v2\/product_cat?post=1087"},{"taxonomy":"product_tag","embeddable":true,"href":"https:\/\/camstravelperu.com\/es\/wp-json\/wp\/v2\/product_tag?post=1087"},{"taxonomy":"destinations","embeddable":true,"href":"https:\/\/camstravelperu.com\/es\/wp-json\/wp\/v2\/destinations?post=1087"},{"taxonomy":"modalidad-del-tour","embeddable":true,"href":"https:\/\/camstravelperu.com\/es\/wp-json\/wp\/v2\/modalidad-del-tour?post=1087"}],"curies":[{"name":"wp","href":"https:\/\/api.w.org\/{rel}","templated":true}]}}